{"id":362,"date":"2019-11-11T01:50:45","date_gmt":"2019-11-11T01:50:45","guid":{"rendered":"https:\/\/demo.casethemes.net\/contio\/?page_id=362"},"modified":"2026-04-07T13:24:02","modified_gmt":"2026-04-07T13:24:02","slug":"team-details","status":"publish","type":"page","link":"https:\/\/www.hidromes.com.tr\/index.php\/team-details\/","title":{"rendered":"\u015eirket M\u00fcd\u00fcr\u00fc"},"content":{"rendered":"\t\t<div data-elementor-type=\"wp-page\" data-elementor-id=\"362\" class=\"elementor elementor-362\">\n\t\t\t\t        <section class=\"elementor-section elementor-top-section elementor-element elementor-element-7b79f4e4 elementor-section-content-middle elementor-section-boxed elementor-section-height-default elementor-section-height-default\" data-id=\"7b79f4e4\" data-element_type=\"section\" data-e-type=\"section\">\n            \n                        <div class=\"elementor-container elementor-column-gap-extended \">\n                    <div class=\"elementor-column elementor-col-50 elementor-top-column elementor-element elementor-element-6bb6bc09\" data-id=\"6bb6bc09\" data-element_type=\"column\" data-e-type=\"column\">\n        <div class=\"elementor-widget-wrap elementor-element-populated\">\n                    \n        \t\t<div class=\"elementor-element elementor-element-58e5ffc elementor-widget elementor-widget-ct_heading\" data-id=\"58e5ffc\" data-element_type=\"widget\" data-e-type=\"widget\" data-widget_type=\"ct_heading.default\">\n\t\t\t\t<div class=\"elementor-widget-container\">\n\t\t\t\t\t<div class=\"ct-heading \">\r\n\t\t\t<div class=\"item--sub-title style1 show-line\">\u015eirket M\u00fcd\u00fcr\u00fc<\/div>\r\n\t    <h3 class=\"item--title st-default\">\r\n        2006 y\u0131l\u0131ndan beri sekt\u00f6rde.    <\/h3>\r\n<\/div>\t\t\t\t<\/div>\n\t\t\t\t<\/div>\n\t\t            <\/div>\n        <\/div>\n                <div class=\"elementor-column elementor-col-50 elementor-top-column elementor-element elementor-element-7cc4cfbc\" data-id=\"7cc4cfbc\" data-element_type=\"column\" data-e-type=\"column\">\n        <div class=\"elementor-widget-wrap elementor-element-populated\">\n                    \n        \t\t<div class=\"elementor-element elementor-element-26dd5559 elementor-widget elementor-widget-text-editor\" data-id=\"26dd5559\" data-element_type=\"widget\" data-e-type=\"widget\" data-widget_type=\"text-editor.default\">\n\t\t\t\t\t\t\t\t\t<p>\u00dcniversitede y\u0131llar\u0131nda ba\u015flayan sekt\u00f6r odakl\u0131 i\u015f hayat\u0131ndan,<\/p><p>Tecr\u00fcbe ve birikim dolu bug\u00fcne.<\/p>\t\t\t\t\t\t\t\t<\/div>\n\t\t            <\/div>\n        <\/div>\n                    <\/div>\n        <\/section>\n                <section class=\"elementor-section elementor-top-section elementor-element elementor-element-988d8dd elementor-section-boxed elementor-section-height-default elementor-section-height-default\" data-id=\"988d8dd\" data-element_type=\"section\" data-e-type=\"section\">\n            \n                        <div class=\"elementor-container elementor-column-gap-extended \">\n                    <div class=\"elementor-column elementor-col-100 elementor-top-column elementor-element elementor-element-e1662ef\" data-id=\"e1662ef\" data-element_type=\"column\" data-e-type=\"column\">\n        <div class=\"elementor-widget-wrap elementor-element-populated\">\n                    \n        \t\t<div class=\"elementor-element elementor-element-28fa60a elementor-widget elementor-widget-ct_team_details\" data-id=\"28fa60a\" data-element_type=\"widget\" data-e-type=\"widget\" data-widget_type=\"ct_team_details.default\">\n\t\t\t\t<div class=\"elementor-widget-container\">\n\t\t\t\t\t<div class=\"ct-team-details\">\r\n\t\t\t<div class=\"ct-team-image bg-image\" style=\"background-image: url(http:\/\/www.hidromes.com.tr\/wp-content\/uploads\/2026\/04\/GM.jpg);\"><\/div>\r\n\t\t<div class=\"ct-team-content bg-image\">\r\n\t\t<div class=\"ct-team-holder\">\r\n\t\t\t<div class=\"ct-team-icon\"><i class=\"fac fac-user-cog\"><\/i><\/div>\r\n\t\t\t<div class=\"ct-team-meta\">\r\n\t\t\t\t<h3 class=\"ct-team-title\">Mahir SEL\u00c7UK<\/h3>\r\n\t\t\t\t<div class=\"ct-team-position\">\u015eirket M\u00fcd\u00fcr\u00fc<\/div>\r\n\t\t\t<\/div>\r\n\t\t<\/div>\r\n\t\t<ul class=\"ct-team-contact\">\r\n\t\t\t\t\t\t\t<li><i class=\"fac fac-envelope\"><\/i>mahir.selcuk@hidromes.com.tr<\/li>\r\n\t\t\t\t\t\t\t\t\t\t<li><i class=\"fac fac-phone\"><\/i>+90 312 394 66 99<\/li>\r\n\t\t\t\t\t\t\t\t\t\t<li class=\"contact-address\"><i class=\"fac fac-map-marker-alt\"><\/i>\u0130vedik O.S.B. 1473.Sokak No:45 Yenimahalle Ankara, T\u00fcrkiye<\/li>\r\n\t\t\t\t\t<\/ul>\r\n\t\t<div class=\"ct-team-social\">\r\n\t\t\t\t\t\t\t<div class=\"ct-team-button\">\r\n\t\t\t\t\t<a class=\"btn\" href=\"http:\/\/www.hidromes.com.tr\/contact\/\">\u0130leti\u015fim<\/a>\r\n\t\t\t\t<\/div>\r\n\t\t\t\t\t\t\t\t\t\t<div class=\"ct-team-social-list\">\r\n\t\t\t\t\t\t\t\t            \t\t\t                <a href=\"ttps:\/\/tr.linkedin.com\/in\/mahir-sel\u00e7uk-76574867\">\r\n\t\t\t                    <i aria-hidden=\"true\" class=\"fab fa-linkedin-in\"><\/i>\t\t\t                    \t\t\t                <\/a>\r\n\t\t\t            \t\t\t        \t\t\t            \t\t\t                <a href=\"https:\/\/x.com\/mm_mahirselcuk\">\r\n\t\t\t                    <i aria-hidden=\"true\" class=\"fab fa-x-twitter\"><\/i>\t\t\t                    \t\t\t                <\/a>\r\n\t\t\t            \t\t\t        \t\t\t            \t\t\t                <a href=\"https:\/\/www.instagram.com\/mm_mahirselcuk\/\">\r\n\t\t\t                    <i aria-hidden=\"true\" class=\"fab fa-instagram\"><\/i>\t\t\t                    \t\t\t                <\/a>\r\n\t\t\t            \t\t\t        \t\t\t            \t\t\t                <a href=\"https:\/\/www.youtube.com\/@MahirSelcuk\">\r\n\t\t\t                    <i aria-hidden=\"true\" class=\"fab fa-youtube\"><\/i>\t\t\t                    \t\t\t                <\/a>\r\n\t\t\t            \t\t\t        \t\t\t\t<\/div>\r\n\t\t\t\t\t<\/div>\r\n\t<\/div>\r\n<\/div>\t\t\t\t<\/div>\n\t\t\t\t<\/div>\n\t\t\t\t<div class=\"elementor-element elementor-element-3c31cde elementor-widget elementor-widget-text-editor\" data-id=\"3c31cde\" data-element_type=\"widget\" data-e-type=\"widget\" data-widget_type=\"text-editor.default\">\n\t\t\t\t\t\t\t\t\t<p>Lisans \u00f6ncesi \u00f6\u011frenimini Ankara&#8217;da tamamlam\u0131\u015f, Lisans\u0131n\u0131 Konya Sel\u00e7uk \u00dcniversiyesi&#8217;de Makine M\u00fchendisli\u011fi \u00fczerine yapm\u0131\u015ft\u0131r. \u00dcniversitede \u00f6\u011frencili\u011fi d\u00f6neminde \u00e7al\u0131\u015fmaya ba\u015flad\u0131\u011f\u0131 Hidrolik Sekt\u00f6r\u00fcndeki birikimini, ilerleyen s\u00fcr\u00e7lerde Hareket Teknolojilerinin t\u00fcm\u00fcn\u00fc kapsayacak \u015fekilde geni\u015fletmi\u015ftir. Sekt\u00f6r\u00fcn tamamlay\u0131c\u0131 t\u00fcm dallar\u0131n\u0131n kazan\u0131m\u0131na odaklanm\u0131\u015f ve Hidromes M\u00fchendislik&#8217;in Otomasyon Sistemleri \u00fczerine hizmet vermesine de imkan tan\u0131m\u0131\u015ft\u0131r.\u00a0<\/p>\t\t\t\t\t\t\t\t<\/div>\n\t\t\t\t<div class=\"elementor-element elementor-element-5c3d73e elementor-widget elementor-widget-text-editor\" data-id=\"5c3d73e\" data-element_type=\"widget\" data-e-type=\"widget\" data-widget_type=\"text-editor.default\">\n\t\t\t\t\t\t\t\t\t<p>Sekt\u00f6rel ve i\u015flevsel derneklerin b\u00fcnyesinde yer almay\u0131 tercih ederek; g\u00fcn\u00fcm\u00fczde \u0130\u015f Makinesi M\u00fchendisleri Birli\u011fi Derne\u011fi (\u0130MMB) ve \u00dcretime Katma De\u011fer Sa\u011flayanlar Derne\u011fi (\u00dcKSAD) &#8216;ne aktif \u00fcyeli\u011fini devam ettirmektedir.\u00a0<\/p>\t\t\t\t\t\t\t\t<\/div>\n\t\t        <section class=\"elementor-section elementor-inner-section elementor-element elementor-element-d8227f9 elementor-section-boxed elementor-section-height-default elementor-section-height-default\" data-id=\"d8227f9\" data-element_type=\"section\" data-e-type=\"section\">\n            \n                        <div class=\"elementor-container elementor-column-gap-extended \">\n                    <div class=\"elementor-column elementor-col-50 elementor-inner-column elementor-element elementor-element-42862cd\" data-id=\"42862cd\" data-element_type=\"column\" data-e-type=\"column\">\n        <div class=\"elementor-widget-wrap elementor-element-populated\">\n                    \n        \t\t<div class=\"elementor-element elementor-element-1ec93b8 elementor-widget elementor-widget-ct_fancy_box\" data-id=\"1ec93b8\" data-element_type=\"widget\" data-e-type=\"widget\" data-widget_type=\"ct_fancy_box.default\">\n\t\t\t\t<div class=\"elementor-widget-container\">\n\t\t\t\t\t<div class=\"ct-fancy-box-layout1 style1 \">\r\n            <div class=\"item--icon\">\r\n            <i aria-hidden=\"true\" class=\"material zmdi zmdi-collection-item-1\"><\/i>        <\/div>\r\n            <div class=\"item--holder\">\r\n        <h3 class=\"item--title\">\r\n            \u0130\u015f Makinesi M\u00fchendisleri Birli\u011fi Derne\u011fi        <\/h3>\r\n        <div class=\"item--description\"><\/div>\r\n    <\/div>\r\n<\/div>\t\t\t\t<\/div>\n\t\t\t\t<\/div>\n\t\t            <\/div>\n        <\/div>\n                <div class=\"elementor-column elementor-col-50 elementor-inner-column elementor-element elementor-element-3a50148\" data-id=\"3a50148\" data-element_type=\"column\" data-e-type=\"column\">\n        <div class=\"elementor-widget-wrap elementor-element-populated\">\n                    \n        \t\t<div class=\"elementor-element elementor-element-e52e371 elementor-widget elementor-widget-ct_fancy_box\" data-id=\"e52e371\" data-element_type=\"widget\" data-e-type=\"widget\" data-widget_type=\"ct_fancy_box.default\">\n\t\t\t\t<div class=\"elementor-widget-container\">\n\t\t\t\t\t<div class=\"ct-fancy-box-layout1 style2 \">\r\n            <div class=\"item--icon\">\r\n            <i aria-hidden=\"true\" class=\"material zmdi zmdi-collection-item-2\"><\/i>        <\/div>\r\n            <div class=\"item--holder\">\r\n        <h3 class=\"item--title\">\r\n            \u00dcretime Katma De\u011fer Sa\u011flayanlar Derne\u011fi        <\/h3>\r\n        <div class=\"item--description\"><\/div>\r\n    <\/div>\r\n<\/div>\t\t\t\t<\/div>\n\t\t\t\t<\/div>\n\t\t            <\/div>\n        <\/div>\n                    <\/div>\n        <\/section>\n                    <\/div>\n        <\/div>\n                    <\/div>\n        <\/section>\n        <div class=\"elementor-element elementor-element-5f8a0bb e-flex e-con-boxed e-con e-parent\" data-id=\"5f8a0bb\" data-element_type=\"container\" data-e-type=\"container\">\n\t\t\t\t\t<div class=\"e-con-inner\">\n\t\t\t\t\t<\/div>\n\t\t\t\t<\/div>\n\t\t\t\t<\/div>\n\t\t","protected":false},"excerpt":{"rendered":"<p>\u015eirket M\u00fcd\u00fcr\u00fc 2006 y\u0131l\u0131ndan beri sekt\u00f6rde. \u00dcniversitede y\u0131llar\u0131nda ba\u015flayan sekt\u00f6r odakl\u0131 i\u015f hayat\u0131ndan, Tecr\u00fcbe ve birikim dolu bug\u00fcne. Mahir SEL\u00c7UK \u015eirket M\u00fcd\u00fcr\u00fc mahir.selcuk@hidromes.com.tr +90 312 394 66 99 \u0130vedik O.S.B. 1473.Sokak No:45 Yenimahalle Ankara, T\u00fcrkiye \u0130leti\u015fim Lisans \u00f6ncesi \u00f6\u011frenimini Ankara&#8217;da tamamlam\u0131\u015f, Lisans\u0131n\u0131 Konya Sel\u00e7uk \u00dcniversiyesi&#8217;de Makine M\u00fchendisli\u011fi \u00fczerine yapm\u0131\u015ft\u0131r. \u00dcniversitede \u00f6\u011frencili\u011fi d\u00f6neminde \u00e7al\u0131\u015fmaya ba\u015flad\u0131\u011f\u0131 Hidrolik [&hellip;]<\/p>\n","protected":false},"author":1,"featured_media":0,"parent":0,"menu_order":0,"comment_status":"closed","ping_status":"closed","template":"","meta":{"footnotes":""},"class_list":["post-362","page","type-page","status-publish","hentry"],"_links":{"self":[{"href":"https:\/\/www.hidromes.com.tr\/index.php\/wp-json\/wp\/v2\/pages\/362","targetHints":{"allow":["GET"]}}],"collection":[{"href":"https:\/\/www.hidromes.com.tr\/index.php\/wp-json\/wp\/v2\/pages"}],"about":[{"href":"https:\/\/www.hidromes.com.tr\/index.php\/wp-json\/wp\/v2\/types\/page"}],"author":[{"embeddable":true,"href":"https:\/\/www.hidromes.com.tr\/index.php\/wp-json\/wp\/v2\/users\/1"}],"replies":[{"embeddable":true,"href":"https:\/\/www.hidromes.com.tr\/index.php\/wp-json\/wp\/v2\/comments?post=362"}],"version-history":[{"count":19,"href":"https:\/\/www.hidromes.com.tr\/index.php\/wp-json\/wp\/v2\/pages\/362\/revisions"}],"predecessor-version":[{"id":2269,"href":"https:\/\/www.hidromes.com.tr\/index.php\/wp-json\/wp\/v2\/pages\/362\/revisions\/2269"}],"wp:attachment":[{"href":"https:\/\/www.hidromes.com.tr\/index.php\/wp-json\/wp\/v2\/media?parent=362"}],"curies":[{"name":"wp","href":"https:\/\/api.w.org\/{rel}","templated":true}]}}