{"id":26,"date":"2019-10-30T08:04:23","date_gmt":"2019-10-30T08:04:23","guid":{"rendered":"https:\/\/demo.casethemes.net\/contio\/?page_id=26"},"modified":"2026-04-07T13:50:11","modified_gmt":"2026-04-07T13:50:11","slug":"about","status":"publish","type":"page","link":"https:\/\/www.hidromes.com.tr\/index.php\/about\/","title":{"rendered":"Hakk\u0131m\u0131zda"},"content":{"rendered":"\t\t<div data-elementor-type=\"wp-page\" data-elementor-id=\"26\" class=\"elementor elementor-26\">\n\t\t\t\t        <section class=\"elementor-section elementor-top-section elementor-element elementor-element-3328b5d elementor-section-boxed elementor-section-height-default elementor-section-height-default\" data-id=\"3328b5d\" data-element_type=\"section\" data-e-type=\"section\">\n            \n                        <div class=\"elementor-container elementor-column-gap-extended \">\n                    <div class=\"elementor-column elementor-col-100 elementor-top-column elementor-element elementor-element-b1d16d2\" data-id=\"b1d16d2\" data-element_type=\"column\" data-e-type=\"column\">\n        <div class=\"elementor-widget-wrap\">\n                    \n                    <\/div>\n        <\/div>\n                    <\/div>\n        <\/section>\n                <section class=\"elementor-section elementor-top-section elementor-element elementor-element-c986484 elementor-section-boxed elementor-section-height-default elementor-section-height-default\" data-id=\"c986484\" data-element_type=\"section\" data-e-type=\"section\">\n            \n                        <div class=\"elementor-container elementor-column-gap-extended \">\n                    <div class=\"elementor-column elementor-col-50 elementor-top-column elementor-element elementor-element-ab9e3e7\" data-id=\"ab9e3e7\" data-element_type=\"column\" data-e-type=\"column\">\n        <div class=\"elementor-widget-wrap elementor-element-populated\">\n                    \n        \t\t<div class=\"elementor-element elementor-element-c42c037 elementor-widget elementor-widget-text-editor\" data-id=\"c42c037\" data-element_type=\"widget\" data-e-type=\"widget\" data-widget_type=\"text-editor.default\">\n\t\t\t\t\t\t\t\t\t<p>End\u00fcstriyel \u00fcretim s\u00fcre\u00e7lerinde g\u00fcvenilir, verimli ve s\u00fcrd\u00fcr\u00fclebilir \u00e7\u00f6z\u00fcmler sunmak amac\u0131yla faaliyet g\u00f6steren firmam\u0131z; kuruldu\u011fu 2012 y\u0131l\u0131ndan beri hidrolik sistemler, servo hidrolik uygulamalar, otomasyon sistemleri ve \u00f6zel makine \u00fcretimi alanlar\u0131nda uzmanla\u015fm\u0131\u015ft\u0131r.<\/p><p>M\u00fchendislik odakl\u0131 yakla\u015f\u0131m\u0131m\u0131z ile her projeye \u00f6zel \u00e7\u00f6z\u00fcmler geli\u015ftirerek, m\u00fc\u015fterilerimizin ihtiya\u00e7lar\u0131na en uygun sistemleri tasarl\u0131yor ve hayata ge\u00e7iriyoruz.<\/p><p>ISO 9001 Kalite ile m\u00fc\u015fteri odakl\u0131 yakla\u015f\u0131m\u0131 birle\u015ftirerek, kuruldu\u011fumuz g\u00fcnden beri yapt\u0131\u011f\u0131m\u0131z d\u00fcnya genelindeki t\u00fcm Sistem ve Makinelerimizle y\u00fcksek verimlilik sunuyoruz.\u00a0<\/p><p>Markalar\u0131m\u0131z: Hydromes, Oil Filtration Machine, MesWhip, MesDrill<\/p>\t\t\t\t\t\t\t\t<\/div>\n\t\t        <section class=\"elementor-section elementor-inner-section elementor-element elementor-element-11334c5 elementor-section-boxed elementor-section-height-default elementor-section-height-default\" data-id=\"11334c5\" data-element_type=\"section\" data-e-type=\"section\">\n            \n                        <div class=\"elementor-container elementor-column-gap-extended \">\n                    <div class=\"elementor-column elementor-col-50 elementor-inner-column elementor-element elementor-element-2442360\" data-id=\"2442360\" data-element_type=\"column\" data-e-type=\"column\">\n        <div class=\"elementor-widget-wrap elementor-element-populated\">\n                    \n        \t\t<div class=\"elementor-element elementor-element-4d195ec elementor-widget elementor-widget-image\" data-id=\"4d195ec\" data-element_type=\"widget\" data-e-type=\"widget\" data-widget_type=\"image.default\">\n\t\t\t\t\t\t\t\t\t\t\t\t\t\t\t<img decoding=\"async\" width=\"59\" height=\"58\" src=\"https:\/\/www.hidromes.com.tr\/wp-content\/uploads\/2019\/11\/icon-box-01.png\" class=\"attachment-full size-full wp-image-612\" alt=\"\" \/>\t\t\t\t\t\t\t\t\t\t\t\t\t\t\t<\/div>\n\t\t\t\t<div class=\"elementor-element elementor-element-c366e73 elementor-widget elementor-widget-text-editor\" data-id=\"c366e73\" data-element_type=\"widget\" data-e-type=\"widget\" data-widget_type=\"text-editor.default\">\n\t\t\t\t\t\t\t\t\t<p>H\u0131zl\u0131 ve G\u00fcvenilir<\/p>\t\t\t\t\t\t\t\t<\/div>\n\t\t            <\/div>\n        <\/div>\n                <div class=\"elementor-column elementor-col-50 elementor-inner-column elementor-element elementor-element-7d099fe\" data-id=\"7d099fe\" data-element_type=\"column\" data-e-type=\"column\">\n        <div class=\"elementor-widget-wrap elementor-element-populated\">\n                    \n        \t\t<div class=\"elementor-element elementor-element-6c4ae19 elementor-widget elementor-widget-image\" data-id=\"6c4ae19\" data-element_type=\"widget\" data-e-type=\"widget\" data-widget_type=\"image.default\">\n\t\t\t\t\t\t\t\t\t\t\t\t\t\t\t<img decoding=\"async\" width=\"55\" height=\"58\" src=\"https:\/\/www.hidromes.com.tr\/wp-content\/uploads\/2019\/11\/icon-box-02.png\" class=\"attachment-full size-full wp-image-613\" alt=\"\" \/>\t\t\t\t\t\t\t\t\t\t\t\t\t\t\t<\/div>\n\t\t\t\t<div class=\"elementor-element elementor-element-bdc9adf elementor-widget elementor-widget-text-editor\" data-id=\"bdc9adf\" data-element_type=\"widget\" data-e-type=\"widget\" data-widget_type=\"text-editor.default\">\n\t\t\t\t\t\t\t\t\t<p>M\u00fc\u015fteri odakl\u0131 ve Verimli<\/p>\t\t\t\t\t\t\t\t<\/div>\n\t\t            <\/div>\n        <\/div>\n                    <\/div>\n        <\/section>\n                    <\/div>\n        <\/div>\n                <div class=\"elementor-column elementor-col-50 elementor-top-column elementor-element elementor-element-3ba92fc\" data-id=\"3ba92fc\" data-element_type=\"column\" data-e-type=\"column\">\n        <div class=\"elementor-widget-wrap elementor-element-populated\">\n                    \n        <div class=\"elementor-element elementor-element-cb10b63 e-grid e-con-boxed e-con e-parent\" data-id=\"cb10b63\" data-element_type=\"container\" data-e-type=\"container\">\n\t\t\t\t\t<div class=\"e-con-inner\">\n\t\t\t\t<div class=\"elementor-element elementor-element-3bbeedf elementor-widget elementor-widget-image\" data-id=\"3bbeedf\" data-element_type=\"widget\" data-e-type=\"widget\" data-widget_type=\"image.default\">\n\t\t\t\t\t\t\t\t\t\t\t\t\t\t\t<img fetchpriority=\"high\" decoding=\"async\" width=\"500\" height=\"500\" src=\"https:\/\/www.hidromes.com.tr\/wp-content\/uploads\/2026\/04\/HMMfi-1.png\" class=\"attachment-large size-large wp-image-1949\" alt=\"\" srcset=\"https:\/\/www.hidromes.com.tr\/wp-content\/uploads\/2026\/04\/HMMfi-1.png 500w, https:\/\/www.hidromes.com.tr\/wp-content\/uploads\/2026\/04\/HMMfi-1-300x300.png 300w, https:\/\/www.hidromes.com.tr\/wp-content\/uploads\/2026\/04\/HMMfi-1-150x150.png 150w\" sizes=\"(max-width: 500px) 100vw, 500px\" \/>\t\t\t\t\t\t\t\t\t\t\t\t\t\t\t<\/div>\n\t\t\t\t<div class=\"elementor-element elementor-element-f0d4369 elementor-widget elementor-widget-image\" data-id=\"f0d4369\" data-element_type=\"widget\" data-e-type=\"widget\" data-widget_type=\"image.default\">\n\t\t\t\t\t\t\t\t\t\t\t\t\t\t\t<img loading=\"lazy\" decoding=\"async\" width=\"500\" height=\"357\" src=\"https:\/\/www.hidromes.com.tr\/wp-content\/uploads\/2026\/04\/Protimum.png\" class=\"attachment-medium_large size-medium_large wp-image-1983\" alt=\"\" srcset=\"https:\/\/www.hidromes.com.tr\/wp-content\/uploads\/2026\/04\/Protimum.png 500w, https:\/\/www.hidromes.com.tr\/wp-content\/uploads\/2026\/04\/Protimum-300x214.png 300w\" sizes=\"(max-width: 500px) 100vw, 500px\" \/>\t\t\t\t\t\t\t\t\t\t\t\t\t\t\t<\/div>\n\t\t\t\t<div class=\"elementor-element elementor-element-5416179 elementor-widget elementor-widget-image\" data-id=\"5416179\" data-element_type=\"widget\" data-e-type=\"widget\" data-widget_type=\"image.default\">\n\t\t\t\t\t\t\t\t\t\t\t\t\t\t\t\t<a href=\"http:\/\/www.silotemizleme.com\">\n\t\t\t\t\t\t\t<img loading=\"lazy\" decoding=\"async\" width=\"400\" height=\"338\" src=\"https:\/\/www.hidromes.com.tr\/wp-content\/uploads\/2026\/04\/MesWhip.png\" class=\"attachment-large size-large wp-image-1984\" alt=\"\" srcset=\"https:\/\/www.hidromes.com.tr\/wp-content\/uploads\/2026\/04\/MesWhip.png 400w, https:\/\/www.hidromes.com.tr\/wp-content\/uploads\/2026\/04\/MesWhip-300x254.png 300w\" sizes=\"(max-width: 400px) 100vw, 400px\" \/>\t\t\t\t\t\t\t\t<\/a>\n\t\t\t\t\t\t\t\t\t\t\t\t\t\t\t<\/div>\n\t\t\t\t<div class=\"elementor-element elementor-element-9899502 elementor-widget elementor-widget-image\" data-id=\"9899502\" data-element_type=\"widget\" data-e-type=\"widget\" data-widget_type=\"image.default\">\n\t\t\t\t\t\t\t\t\t\t\t\t\t\t\t\t<a href=\"http:\/\/www.silotemizleme.com\">\n\t\t\t\t\t\t\t<img loading=\"lazy\" decoding=\"async\" width=\"500\" height=\"500\" src=\"https:\/\/www.hidromes.com.tr\/wp-content\/uploads\/2026\/04\/MesDrill.png\" class=\"attachment-large size-large wp-image-1985\" alt=\"\" srcset=\"https:\/\/www.hidromes.com.tr\/wp-content\/uploads\/2026\/04\/MesDrill.png 500w, https:\/\/www.hidromes.com.tr\/wp-content\/uploads\/2026\/04\/MesDrill-300x300.png 300w, https:\/\/www.hidromes.com.tr\/wp-content\/uploads\/2026\/04\/MesDrill-150x150.png 150w\" sizes=\"(max-width: 500px) 100vw, 500px\" \/>\t\t\t\t\t\t\t\t<\/a>\n\t\t\t\t\t\t\t\t\t\t\t\t\t\t\t<\/div>\n\t\t\t\t<div class=\"elementor-element elementor-element-effba8b elementor-widget elementor-widget-image\" data-id=\"effba8b\" data-element_type=\"widget\" data-e-type=\"widget\" data-widget_type=\"image.default\">\n\t\t\t\t\t\t\t\t\t\t\t\t\t\t\t\t<a href=\"http:\/\/www.selkon.com.tr\">\n\t\t\t\t\t\t\t<img loading=\"lazy\" decoding=\"async\" width=\"500\" height=\"132\" src=\"https:\/\/www.hidromes.com.tr\/wp-content\/uploads\/2026\/04\/Selkon.png\" class=\"attachment-large size-large wp-image-1986\" alt=\"\" srcset=\"https:\/\/www.hidromes.com.tr\/wp-content\/uploads\/2026\/04\/Selkon.png 500w, https:\/\/www.hidromes.com.tr\/wp-content\/uploads\/2026\/04\/Selkon-300x79.png 300w\" sizes=\"(max-width: 500px) 100vw, 500px\" \/>\t\t\t\t\t\t\t\t<\/a>\n\t\t\t\t\t\t\t\t\t\t\t\t\t\t\t<\/div>\n\t\t\t\t<div class=\"elementor-element elementor-element-80965f0 elementor-widget elementor-widget-image\" data-id=\"80965f0\" data-element_type=\"widget\" data-e-type=\"widget\" data-widget_type=\"image.default\">\n\t\t\t\t\t\t\t\t\t\t\t\t\t\t\t<img loading=\"lazy\" decoding=\"async\" width=\"500\" height=\"143\" src=\"https:\/\/www.hidromes.com.tr\/wp-content\/uploads\/2026\/04\/Hydromes.png\" class=\"attachment-large size-large wp-image-1991\" alt=\"\" srcset=\"https:\/\/www.hidromes.com.tr\/wp-content\/uploads\/2026\/04\/Hydromes.png 500w, https:\/\/www.hidromes.com.tr\/wp-content\/uploads\/2026\/04\/Hydromes-300x86.png 300w\" sizes=\"(max-width: 500px) 100vw, 500px\" \/>\t\t\t\t\t\t\t\t\t\t\t\t\t\t\t<\/div>\n\t\t\t\t\t<\/div>\n\t\t\t\t<\/div>\n\t\t            <\/div>\n        <\/div>\n                    <\/div>\n        <\/section>\n                <section class=\"elementor-section elementor-top-section elementor-element elementor-element-45a1747 elementor-section-boxed elementor-section-height-default elementor-section-height-default\" data-id=\"45a1747\" data-element_type=\"section\" data-e-type=\"section\">\n            \n                        <div class=\"elementor-container elementor-column-gap-extended \">\n                    <div class=\"elementor-column elementor-col-100 elementor-top-column elementor-element elementor-element-fd90c78\" data-id=\"fd90c78\" data-element_type=\"column\" data-e-type=\"column\">\n        <div class=\"elementor-widget-wrap elementor-element-populated\">\n                    \n        \t\t<div class=\"elementor-element elementor-element-fb42869 elementor-widget elementor-widget-ct_heading\" data-id=\"fb42869\" data-element_type=\"widget\" data-e-type=\"widget\" data-widget_type=\"ct_heading.default\">\n\t\t\t\t<div class=\"elementor-widget-container\">\n\t\t\t\t\t<div class=\"ct-heading \">\r\n\t\t\t<div class=\"item--sub-title style1 show-line\">\u00d6zetle<\/div>\r\n\t    <h2 class=\"item--title st-default\">\r\n        Ne Yap\u0131yoruz?    <\/h2>\r\n<\/div>\t\t\t\t<\/div>\n\t\t\t\t<\/div>\n\t\t\t\t<div class=\"elementor-element elementor-element-79b7c5b elementor-widget__width-initial elementor-widget elementor-widget-text-editor\" data-id=\"79b7c5b\" data-element_type=\"widget\" data-e-type=\"widget\" data-widget_type=\"text-editor.default\">\n\t\t\t\t\t\t\t\t\t<p data-start=\"812\" data-end=\"821\">Firmam\u0131z;<\/p><ul data-start=\"823\" data-end=\"1007\"><li data-start=\"823\" data-end=\"862\">Hidrolik sistem tasar\u0131m\u0131 ve \u00fcretimi<\/li><li data-start=\"863\" data-end=\"898\">Servo hidrolik sistem \u00e7\u00f6z\u00fcmleri<\/li><li data-start=\"899\" data-end=\"938\">Y\u00fcksek bas\u0131n\u00e7 hidrolik uygulamalar\u0131<\/li><li data-start=\"939\" data-end=\"975\">End\u00fcstriyel otomasyon sistemleri<\/li><li data-start=\"976\" data-end=\"1007\">\u00d6zel tasar\u0131m makine \u00fcretimi<\/li><\/ul><p data-start=\"1009\" data-end=\"1061\">alanlar\u0131nda <strong data-start=\"1021\" data-end=\"1048\">anahtar teslim \u00e7\u00f6z\u00fcmler<\/strong> sunmaktad\u0131r.<\/p><p data-start=\"1063\" data-end=\"1180\">Projeden devreye almaya kadar t\u00fcm s\u00fcre\u00e7leri tek elden y\u00f6neterek m\u00fc\u015fterilerimize zaman ve maliyet avantaj\u0131 sa\u011fl\u0131yoruz.<\/p>\t\t\t\t\t\t\t\t<\/div>\n\t\t\t\t<div class=\"elementor-element elementor-element-5cf7881 elementor-widget elementor-widget-ct_heading\" data-id=\"5cf7881\" data-element_type=\"widget\" data-e-type=\"widget\" data-widget_type=\"ct_heading.default\">\n\t\t\t\t<div class=\"elementor-widget-container\">\n\t\t\t\t\t<div class=\"ct-heading \">\r\n\t    <h2 class=\"item--title st-default\">\r\n        M\u00fchendislik Yakla\u015f\u0131m\u0131m\u0131z    <\/h2>\r\n<\/div>\t\t\t\t<\/div>\n\t\t\t\t<\/div>\n\t\t\t\t<div class=\"elementor-element elementor-element-5873e59 elementor-widget__width-initial elementor-widget elementor-widget-text-editor\" data-id=\"5873e59\" data-element_type=\"widget\" data-e-type=\"widget\" data-widget_type=\"text-editor.default\">\n\t\t\t\t\t\t\t\t\t<p data-start=\"1220\" data-end=\"1232\">Her projeye;<\/p><ul data-start=\"1234\" data-end=\"1356\"><li data-start=\"1234\" data-end=\"1261\">Detayl\u0131 ihtiya\u00e7 analizi<\/li><li data-start=\"1262\" data-end=\"1296\">Teknik hesaplama ve sim\u00fclasyon<\/li><li data-start=\"1297\" data-end=\"1323\">Do\u011fru komponent se\u00e7imi<\/li><li data-start=\"1324\" data-end=\"1356\">Uzun \u00f6m\u00fcr ve bak\u0131m kolayl\u0131\u011f\u0131<\/li><\/ul><p data-start=\"1358\" data-end=\"1394\">kriterleri do\u011frultusunda yakla\u015f\u0131r\u0131z.<\/p><p data-start=\"1396\" data-end=\"1494\">Amac\u0131m\u0131z sadece \u00e7al\u0131\u015fan bir sistem de\u011fil, <strong data-start=\"1438\" data-end=\"1482\">uzun y\u0131llar sorunsuz \u00e7al\u0131\u015facak bir \u00e7\u00f6z\u00fcm<\/strong> \u00fcretmektir.<\/p>\t\t\t\t\t\t\t\t<\/div>\n\t\t\t\t<div class=\"elementor-element elementor-element-f738fb1 elementor-widget elementor-widget-ct_heading\" data-id=\"f738fb1\" data-element_type=\"widget\" data-e-type=\"widget\" data-widget_type=\"ct_heading.default\">\n\t\t\t\t<div class=\"elementor-widget-container\">\n\t\t\t\t\t<div class=\"ct-heading \">\r\n\t    <h2 class=\"item--title st-default\">\r\n        Neden Biz?    <\/h2>\r\n<\/div>\t\t\t\t<\/div>\n\t\t\t\t<\/div>\n\t\t\t\t<div class=\"elementor-element elementor-element-ac804e1 elementor-widget__width-initial elementor-widget elementor-widget-text-editor\" data-id=\"ac804e1\" data-element_type=\"widget\" data-e-type=\"widget\" data-widget_type=\"text-editor.default\">\n\t\t\t\t\t\t\t\t\t<ul><li data-start=\"1520\" data-end=\"1560\">\u2714 Projeye \u00f6zel m\u00fchendislik \u00e7\u00f6z\u00fcmleri<\/li><li data-start=\"1561\" data-end=\"1595\">\u2714 Sahada deneyimli teknik ekip<\/li><li data-start=\"1596\" data-end=\"1624\">\u2714 H\u0131zl\u0131 servis ve destek<\/li><li data-start=\"1625\" data-end=\"1657\">\u2714 Y\u00fcksek kalite standartlar\u0131<\/li><li data-start=\"1658\" data-end=\"1701\">\u2714 G\u00fcvenilir ve s\u00fcrd\u00fcr\u00fclebilir sistemler<\/li><\/ul>\t\t\t\t\t\t\t\t<\/div>\n\t\t\t\t<div class=\"elementor-element elementor-element-c0d8e18 elementor-widget elementor-widget-ct_heading\" data-id=\"c0d8e18\" data-element_type=\"widget\" data-e-type=\"widget\" data-widget_type=\"ct_heading.default\">\n\t\t\t\t<div class=\"elementor-widget-container\">\n\t\t\t\t\t<div class=\"ct-heading \">\r\n\t    <h2 class=\"item--title st-default\">\r\n        Vizyonumuz    <\/h2>\r\n<\/div>\t\t\t\t<\/div>\n\t\t\t\t<\/div>\n\t\t\t\t<div class=\"elementor-element elementor-element-1470212 elementor-widget__width-initial elementor-widget elementor-widget-text-editor\" data-id=\"1470212\" data-element_type=\"widget\" data-e-type=\"widget\" data-widget_type=\"text-editor.default\">\n\t\t\t\t\t\t\t\t\t<p data-start=\"1727\" data-end=\"1854\">End\u00fcstriyel hidrolik ve otomasyon alan\u0131nda yenilik\u00e7i \u00e7\u00f6z\u00fcmler geli\u015ftirerek sekt\u00f6rde g\u00fcvenilir ve tercih edilen bir marka olmak.<\/p>\t\t\t\t\t\t\t\t<\/div>\n\t\t\t\t<div class=\"elementor-element elementor-element-74efc51 elementor-widget elementor-widget-ct_heading\" data-id=\"74efc51\" data-element_type=\"widget\" data-e-type=\"widget\" data-widget_type=\"ct_heading.default\">\n\t\t\t\t<div class=\"elementor-widget-container\">\n\t\t\t\t\t<div class=\"ct-heading \">\r\n\t    <h2 class=\"item--title st-default\">\r\n        Misyonumuz    <\/h2>\r\n<\/div>\t\t\t\t<\/div>\n\t\t\t\t<\/div>\n\t\t\t\t<div class=\"elementor-element elementor-element-7fa5a88 elementor-widget__width-initial elementor-widget elementor-widget-text-editor\" data-id=\"7fa5a88\" data-element_type=\"widget\" data-e-type=\"widget\" data-widget_type=\"text-editor.default\">\n\t\t\t\t\t\t\t\t\t<p>M\u00fc\u015fterilerimizin \u00fcretim s\u00fcre\u00e7lerini daha verimli, g\u00fcvenli ve s\u00fcrd\u00fcr\u00fclebilir hale getiren m\u00fchendislik \u00e7\u00f6z\u00fcmleri sunmak.<\/p>\t\t\t\t\t\t\t\t<\/div>\n\t\t            <\/div>\n        <\/div>\n                    <\/div>\n        <\/section>\n                <section class=\"elementor-section elementor-top-section elementor-element elementor-element-4bf9f60 elementor-section-content-middle elementor-section-boxed elementor-section-height-default elementor-section-height-default\" data-id=\"4bf9f60\" data-element_type=\"section\" data-e-type=\"section\">\n            \n                        <div class=\"elementor-container elementor-column-gap-extended \">\n                    <div class=\"elementor-column elementor-col-50 elementor-top-column elementor-element elementor-element-3ac50024\" data-id=\"3ac50024\" data-element_type=\"column\" data-e-type=\"column\">\n        <div class=\"elementor-widget-wrap\">\n                    \n                    <\/div>\n        <\/div>\n                <div class=\"elementor-column elementor-col-50 elementor-top-column elementor-element elementor-element-4394c882\" data-id=\"4394c882\" data-element_type=\"column\" data-e-type=\"column\">\n        <div class=\"elementor-widget-wrap elementor-element-populated\">\n                    \n                    <\/div>\n        <\/div>\n                    <\/div>\n        <\/section>\n                <section class=\"elementor-section elementor-top-section elementor-element elementor-element-a8a40d4 elementor-section-boxed elementor-section-height-default elementor-section-height-default\" data-id=\"a8a40d4\" data-element_type=\"section\" data-e-type=\"section\" data-settings=\"{&quot;background_background&quot;:&quot;classic&quot;}\">\n            \n                        <div class=\"elementor-container elementor-column-gap-extended \">\n                    <div class=\"elementor-column elementor-col-100 elementor-top-column elementor-element elementor-element-6f78401\" data-id=\"6f78401\" data-element_type=\"column\" data-e-type=\"column\">\n        <div class=\"elementor-widget-wrap\">\n                    \n                    <\/div>\n        <\/div>\n                    <\/div>\n        <\/section>\n        \t\t<\/div>\n\t\t","protected":false},"excerpt":{"rendered":"<p>End\u00fcstriyel \u00fcretim s\u00fcre\u00e7lerinde g\u00fcvenilir, verimli ve s\u00fcrd\u00fcr\u00fclebilir \u00e7\u00f6z\u00fcmler sunmak amac\u0131yla faaliyet g\u00f6steren firmam\u0131z; kuruldu\u011fu 2012 y\u0131l\u0131ndan beri hidrolik sistemler, servo hidrolik uygulamalar, otomasyon sistemleri ve \u00f6zel makine \u00fcretimi alanlar\u0131nda uzmanla\u015fm\u0131\u015ft\u0131r. M\u00fchendislik odakl\u0131 yakla\u015f\u0131m\u0131m\u0131z ile her projeye \u00f6zel \u00e7\u00f6z\u00fcmler geli\u015ftirerek, m\u00fc\u015fterilerimizin ihtiya\u00e7lar\u0131na en uygun sistemleri tasarl\u0131yor ve hayata ge\u00e7iriyoruz. ISO 9001 Kalite ile m\u00fc\u015fteri odakl\u0131 yakla\u015f\u0131m\u0131 [&hellip;]<\/p>\n","protected":false},"author":1,"featured_media":0,"parent":0,"menu_order":0,"comment_status":"closed","ping_status":"closed","template":"","meta":{"footnotes":""},"class_list":["post-26","page","type-page","status-publish","hentry"],"_links":{"self":[{"href":"https:\/\/www.hidromes.com.tr\/index.php\/wp-json\/wp\/v2\/pages\/26","targetHints":{"allow":["GET"]}}],"collection":[{"href":"https:\/\/www.hidromes.com.tr\/index.php\/wp-json\/wp\/v2\/pages"}],"about":[{"href":"https:\/\/www.hidromes.com.tr\/index.php\/wp-json\/wp\/v2\/types\/page"}],"author":[{"embeddable":true,"href":"https:\/\/www.hidromes.com.tr\/index.php\/wp-json\/wp\/v2\/users\/1"}],"replies":[{"embeddable":true,"href":"https:\/\/www.hidromes.com.tr\/index.php\/wp-json\/wp\/v2\/comments?post=26"}],"version-history":[{"count":42,"href":"https:\/\/www.hidromes.com.tr\/index.php\/wp-json\/wp\/v2\/pages\/26\/revisions"}],"predecessor-version":[{"id":2288,"href":"https:\/\/www.hidromes.com.tr\/index.php\/wp-json\/wp\/v2\/pages\/26\/revisions\/2288"}],"wp:attachment":[{"href":"https:\/\/www.hidromes.com.tr\/index.php\/wp-json\/wp\/v2\/media?parent=26"}],"curies":[{"name":"wp","href":"https:\/\/api.w.org\/{rel}","templated":true}]}}