{"id":24,"date":"2019-10-30T08:04:10","date_gmt":"2019-10-30T08:04:10","guid":{"rendered":"https:\/\/demo.casethemes.net\/contio\/?page_id=24"},"modified":"2026-04-05T22:27:14","modified_gmt":"2026-04-05T22:27:14","slug":"contact","status":"publish","type":"page","link":"https:\/\/www.hidromes.com.tr\/index.php\/contact\/","title":{"rendered":"\u0130leti\u015fim"},"content":{"rendered":"\t\t<div data-elementor-type=\"wp-page\" data-elementor-id=\"24\" class=\"elementor elementor-24\">\n\t\t\t\t        <section class=\"elementor-section elementor-top-section elementor-element elementor-element-253fe5b elementor-section-stretched elementor-section-full_width elementor-section-height-default elementor-section-height-default\" data-id=\"253fe5b\" data-element_type=\"section\" data-e-type=\"section\" data-settings=\"{&quot;stretch_section&quot;:&quot;section-stretched&quot;}\">\n            \n                        <div class=\"elementor-container elementor-column-gap-default \">\n                    <div class=\"elementor-column elementor-col-100 elementor-top-column elementor-element elementor-element-a2a8d03\" data-id=\"a2a8d03\" data-element_type=\"column\" data-e-type=\"column\">\n        <div class=\"elementor-widget-wrap elementor-element-populated\">\n                    \n        \t\t<div class=\"elementor-element elementor-element-c431857 elementor-widget elementor-widget-google_maps\" data-id=\"c431857\" data-element_type=\"widget\" data-e-type=\"widget\" data-widget_type=\"google_maps.default\">\n\t\t\t\t\t\t\t<div class=\"elementor-custom-embed\">\n\t\t\t<iframe loading=\"lazy\"\n\t\t\t\t\tsrc=\"https:\/\/maps.google.com\/maps?q=Hidromes%20M%C3%BChendislik&#038;t=m&#038;z=14&#038;output=embed&#038;iwloc=near\"\n\t\t\t\t\ttitle=\"Hidromes M\u00fchendislik\"\n\t\t\t\t\taria-label=\"Hidromes M\u00fchendislik\"\n\t\t\t><\/iframe>\n\t\t<\/div>\n\t\t\t\t\t\t<\/div>\n\t\t            <\/div>\n        <\/div>\n                    <\/div>\n        <\/section>\n                <section class=\"elementor-section elementor-top-section elementor-element elementor-element-d10974f elementor-section-boxed elementor-section-height-default elementor-section-height-default\" data-id=\"d10974f\" data-element_type=\"section\" data-e-type=\"section\">\n            \n                        <div class=\"elementor-container elementor-column-gap-extended \">\n                    <div class=\"elementor-column elementor-col-100 elementor-top-column elementor-element elementor-element-dbae7b2\" data-id=\"dbae7b2\" data-element_type=\"column\" data-e-type=\"column\">\n        <div class=\"elementor-widget-wrap elementor-element-populated\">\n                    \n                <section class=\"elementor-section elementor-inner-section elementor-element elementor-element-2f7cb3c elementor-section-boxed elementor-section-height-default elementor-section-height-default\" data-id=\"2f7cb3c\" data-element_type=\"section\" data-e-type=\"section\" data-settings=\"{&quot;background_background&quot;:&quot;classic&quot;}\">\n            \n                        <div class=\"elementor-container elementor-column-gap-extended \">\n                    <div class=\"elementor-column elementor-col-50 elementor-inner-column elementor-element elementor-element-c3d8771\" data-id=\"c3d8771\" data-element_type=\"column\" data-e-type=\"column\">\n        <div class=\"elementor-widget-wrap elementor-element-populated\">\n                    \n        \t\t<div class=\"elementor-element elementor-element-1bbe0fd elementor-widget elementor-widget-ct_heading\" data-id=\"1bbe0fd\" data-element_type=\"widget\" data-e-type=\"widget\" data-widget_type=\"ct_heading.default\">\n\t\t\t\t<div class=\"elementor-widget-container\">\n\t\t\t\t\t<div class=\"ct-heading \">\r\n\t\t\t<div class=\"item--sub-title style1 show-line\">\u0130leti\u015fim Bilgilerimiz:<\/div>\r\n\t    <h3 class=\"item--title st-default\">\r\n        Talepleriniz ve Servis ihtiyac\u0131n\u0131z i\u00e7in ileti\u015fime ge\u00e7in!    <\/h3>\r\n<\/div>\t\t\t\t<\/div>\n\t\t\t\t<\/div>\n\t\t\t\t<div class=\"elementor-element elementor-element-147d5ff elementor-widget elementor-widget-ct_contact_info\" data-id=\"147d5ff\" data-element_type=\"widget\" data-e-type=\"widget\" data-widget_type=\"ct_contact_info.default\">\n\t\t\t\t<div class=\"elementor-widget-container\">\n\t\t\t\t\t    <div class=\"ct-contact-info2\">\r\n                    <div class=\"ct-contact-item \">\r\n            \t\r\n                                    <div class=\"ct-contact-icon\">\r\n                        <img decoding=\"async\" width=\"55\" height=\"65\" src=\"https:\/\/www.hidromes.com.tr\/wp-content\/uploads\/2019\/11\/info-icon-01.png\" class=\"attachment-full\" alt=\"\" \/>                    <\/div>\r\n                \r\n                <div class=\"ct-contact-holder\">\r\n                    <h3 class=\"ct-contact-title\">Merkez Adresimiz:<\/h3>\r\n                    <div class=\"ct-contact-content\">\r\n                       \u0130vedik O.S.B. 1473.Sokak No:45 Yenimahalle Ankara, T\u00fcrkiye                    <\/div>\r\n                <\/div>\r\n           <\/div>\r\n                    <div class=\"ct-contact-item \">\r\n            \t\r\n                                    <div class=\"ct-contact-icon\">\r\n                        <img decoding=\"async\" width=\"66\" height=\"66\" src=\"https:\/\/www.hidromes.com.tr\/wp-content\/uploads\/2019\/11\/info-icon-02.png\" class=\"attachment-full\" alt=\"\" \/>                    <\/div>\r\n                \r\n                <div class=\"ct-contact-holder\">\r\n                    <h3 class=\"ct-contact-title\">Telefonlar\u0131m\u0131z:<\/h3>\r\n                    <div class=\"ct-contact-content\">\r\n                       +90 (312) 394 66 99<br \/>\n+90 (542) 475 08 16                    <\/div>\r\n                <\/div>\r\n           <\/div>\r\n                    <div class=\"ct-contact-item \">\r\n            \t\r\n                                    <div class=\"ct-contact-icon\">\r\n                        <img decoding=\"async\" width=\"70\" height=\"68\" src=\"https:\/\/www.hidromes.com.tr\/wp-content\/uploads\/2019\/11\/info-icon-03.png\" class=\"attachment-full\" alt=\"\" \/>                    <\/div>\r\n                \r\n                <div class=\"ct-contact-holder\">\r\n                    <h3 class=\"ct-contact-title\">Mail Adreslerimiz:<\/h3>\r\n                    <div class=\"ct-contact-content\">\r\n                       info@hidromes.com.tr<br \/>\nteknik@hidromes.com.tr                    <\/div>\r\n                <\/div>\r\n           <\/div>\r\n            <\/div>\r\n\t\t\t\t<\/div>\n\t\t\t\t<\/div>\n\t\t            <\/div>\n        <\/div>\n                <div class=\"elementor-column elementor-col-50 elementor-inner-column elementor-element elementor-element-c443a53\" data-id=\"c443a53\" data-element_type=\"column\" data-e-type=\"column\" data-settings=\"{&quot;background_background&quot;:&quot;classic&quot;}\">\n        <div class=\"elementor-widget-wrap elementor-element-populated\">\n                    \n        \t\t<div class=\"elementor-element elementor-element-1b59c45 elementor-widget elementor-widget-ct_heading\" data-id=\"1b59c45\" data-element_type=\"widget\" data-e-type=\"widget\" data-widget_type=\"ct_heading.default\">\n\t\t\t\t<div class=\"elementor-widget-container\">\n\t\t\t\t\t<div class=\"ct-heading \">\r\n\t    <h3 class=\"item--title st-default\">\r\n        \u0130leti\u015fim Formu    <\/h3>\r\n<\/div>\t\t\t\t<\/div>\n\t\t\t\t<\/div>\n\t\t\t\t<div class=\"elementor-element elementor-element-44b4987 elementor-widget elementor-widget-text-editor\" data-id=\"44b4987\" data-element_type=\"widget\" data-e-type=\"widget\" data-widget_type=\"text-editor.default\">\n\t\t\t\t\t\t\t\t\t<p>Taleplerinizi buraya yaz\u0131n ve bize g\u00f6nderin, biz size ula\u015fal\u0131m.<\/p>\t\t\t\t\t\t\t\t<\/div>\n\t\t\t\t<div class=\"elementor-element elementor-element-85609a1 elementor-widget elementor-widget-ct_ctf7\" data-id=\"85609a1\" data-element_type=\"widget\" data-e-type=\"widget\" data-widget_type=\"ct_ctf7.default\">\n\t\t\t\t<div class=\"elementor-widget-container\">\n\t\t\t\t\t    <div id=\"ct_ctf7-85609a1\" class=\"ct-contact-form-layout1 style1 \">\r\n        <div class=\"ct-contact-form-inner\">\r\n            \n<div class=\"wpcf7 no-js\" id=\"wpcf7-f91-o1\" lang=\"en-US\" dir=\"ltr\" data-wpcf7-id=\"91\">\n<div class=\"screen-reader-response\"><p role=\"status\" aria-live=\"polite\" aria-atomic=\"true\"><\/p> <ul><\/ul><\/div>\n<form action=\"\/index.php\/wp-json\/wp\/v2\/pages\/24#wpcf7-f91-o1\" method=\"post\" class=\"wpcf7-form init\" aria-label=\"Contact form\" novalidate=\"novalidate\" data-status=\"init\">\n<fieldset class=\"hidden-fields-container\"><input type=\"hidden\" name=\"_wpcf7\" value=\"91\" \/><input type=\"hidden\" name=\"_wpcf7_version\" value=\"6.1.5\" \/><input type=\"hidden\" name=\"_wpcf7_locale\" value=\"en_US\" \/><input type=\"hidden\" name=\"_wpcf7_unit_tag\" value=\"wpcf7-f91-o1\" \/><input type=\"hidden\" name=\"_wpcf7_container_post\" value=\"0\" \/><input type=\"hidden\" name=\"_wpcf7_posted_data_hash\" value=\"\" \/><input type=\"hidden\" name=\"_wpcf7_recaptcha_response\" value=\"\" \/>\n<\/fieldset>\n<div class=\"input-filled\">\n\t<p><span class=\"wpcf7-form-control-wrap\" data-name=\"your-name\"><input size=\"40\" maxlength=\"400\" class=\"wpcf7-form-control wpcf7-text wpcf7-validates-as-required\" aria-required=\"true\" aria-invalid=\"false\" placeholder=\"Tam Ad\u0131n\u0131z*\" value=\"\" type=\"text\" name=\"your-name\" \/><\/span>\n\t<\/p>\n<\/div>\n<div class=\"input-filled\">\n\t<p><span class=\"wpcf7-form-control-wrap\" data-name=\"your-email\"><input size=\"40\" maxlength=\"400\" class=\"wpcf7-form-control wpcf7-email wpcf7-validates-as-required wpcf7-text wpcf7-validates-as-email\" aria-required=\"true\" aria-invalid=\"false\" placeholder=\"Mail adresiniz*\" value=\"\" type=\"email\" name=\"your-email\" \/><\/span>\n\t<\/p>\n<\/div>\n<div class=\"input-filled\">\n\t<p><span class=\"wpcf7-form-control-wrap\" data-name=\"your-message\"><textarea cols=\"40\" rows=\"10\" maxlength=\"2000\" class=\"wpcf7-form-control wpcf7-textarea wpcf7-validates-as-required\" aria-required=\"true\" aria-invalid=\"false\" placeholder=\"Mesaj\u0131n\u0131z...\" name=\"your-message\"><\/textarea><\/span>\n\t<\/p>\n<\/div>\n<div class=\"input-filled\">\n\t<p><button type=\"submit\" class=\"wpcf7-submit btn btn-secondary btn-block\">Bize G\u00f6nderin<\/button>\n\t<\/p>\n<\/div><div class=\"wpcf7-response-output\" aria-hidden=\"true\"><\/div>\n<\/form>\n<\/div>\n        <\/div>\r\n    <\/div>\r\n\t\t\t\t<\/div>\n\t\t\t\t<\/div>\n\t\t            <\/div>\n        <\/div>\n                    <\/div>\n        <\/section>\n                    <\/div>\n        <\/div>\n                    <\/div>\n        <\/section>\n        \t\t<\/div>\n\t\t","protected":false},"excerpt":{"rendered":"<p>\u0130leti\u015fim Bilgilerimiz: Talepleriniz ve Servis ihtiyac\u0131n\u0131z i\u00e7in ileti\u015fime ge\u00e7in! Merkez Adresimiz: \u0130vedik O.S.B. 1473.Sokak No:45 Yenimahalle Ankara, T\u00fcrkiye Telefonlar\u0131m\u0131z: +90 (312) 394 66 99 +90 (542) 475 08 16 Mail Adreslerimiz: info@hidromes.com.tr teknik@hidromes.com.tr \u0130leti\u015fim Formu Taleplerinizi buraya yaz\u0131n ve bize g\u00f6nderin, biz size ula\u015fal\u0131m. Send us now<\/p>\n","protected":false},"author":1,"featured_media":0,"parent":0,"menu_order":0,"comment_status":"closed","ping_status":"closed","template":"","meta":{"footnotes":""},"class_list":["post-24","page","type-page","status-publish","hentry"],"_links":{"self":[{"href":"https:\/\/www.hidromes.com.tr\/index.php\/wp-json\/wp\/v2\/pages\/24","targetHints":{"allow":["GET"]}}],"collection":[{"href":"https:\/\/www.hidromes.com.tr\/index.php\/wp-json\/wp\/v2\/pages"}],"about":[{"href":"https:\/\/www.hidromes.com.tr\/index.php\/wp-json\/wp\/v2\/types\/page"}],"author":[{"embeddable":true,"href":"https:\/\/www.hidromes.com.tr\/index.php\/wp-json\/wp\/v2\/users\/1"}],"replies":[{"embeddable":true,"href":"https:\/\/www.hidromes.com.tr\/index.php\/wp-json\/wp\/v2\/comments?post=24"}],"version-history":[{"count":4,"href":"https:\/\/www.hidromes.com.tr\/index.php\/wp-json\/wp\/v2\/pages\/24\/revisions"}],"predecessor-version":[{"id":2175,"href":"https:\/\/www.hidromes.com.tr\/index.php\/wp-json\/wp\/v2\/pages\/24\/revisions\/2175"}],"wp:attachment":[{"href":"https:\/\/www.hidromes.com.tr\/index.php\/wp-json\/wp\/v2\/media?parent=24"}],"curies":[{"name":"wp","href":"https:\/\/api.w.org\/{rel}","templated":true}]}}