{"id":2270,"date":"2026-04-07T13:26:08","date_gmt":"2026-04-07T13:26:08","guid":{"rendered":"https:\/\/www.hidromes.com.tr\/?page_id=2270"},"modified":"2026-04-10T14:26:17","modified_gmt":"2026-04-10T14:26:17","slug":"kurumsal","status":"publish","type":"page","link":"https:\/\/www.hidromes.com.tr\/index.php\/kurumsal\/","title":{"rendered":"Kurumsal"},"content":{"rendered":"\t\t<div data-elementor-type=\"wp-page\" data-elementor-id=\"2270\" class=\"elementor elementor-2270\">\n\t\t\t\t        <section class=\"elementor-section elementor-top-section elementor-element elementor-element-8a566f3 elementor-section-boxed elementor-section-height-default elementor-section-height-default\" data-id=\"8a566f3\" data-element_type=\"section\" data-e-type=\"section\">\n            \n                        <div class=\"elementor-container elementor-column-gap-extended \">\n                    <div class=\"elementor-column elementor-col-100 elementor-top-column elementor-element elementor-element-547b795\" data-id=\"547b795\" data-element_type=\"column\" data-e-type=\"column\">\n        <div class=\"elementor-widget-wrap elementor-element-populated\">\n                    \n        \t\t<div class=\"elementor-element elementor-element-29e0f72 elementor-widget elementor-widget-ct_title\" data-id=\"29e0f72\" data-element_type=\"widget\" data-e-type=\"widget\" data-widget_type=\"ct_title.default\">\n\t\t\t\t<div class=\"elementor-widget-container\">\n\t\t\t\t\t<div class=\"ct-title1 style2\">\r\n    <h3>\r\n        <span>Kurumsal<\/span>\r\n        <i><\/i>\r\n    <\/h3>\r\n<\/div>\t\t\t\t<\/div>\n\t\t\t\t<\/div>\n\t\t            <\/div>\n        <\/div>\n                    <\/div>\n        <\/section>\n        <div class=\"elementor-element elementor-element-0d6902b e-flex e-con-boxed e-con e-parent\" data-id=\"0d6902b\" data-element_type=\"container\" data-e-type=\"container\">\n\t\t\t\t\t<div class=\"e-con-inner\">\n\t\t<div class=\"elementor-element elementor-element-7ca9cfc e-con-full e-flex e-con e-child\" data-id=\"7ca9cfc\" data-element_type=\"container\" data-e-type=\"container\">\n\t\t\t\t<div class=\"elementor-element elementor-element-dabf77c elementor-align-center elementor-widget elementor-widget-ct_button\" data-id=\"dabf77c\" data-element_type=\"widget\" data-e-type=\"widget\" data-widget_type=\"ct_button.default\">\n\t\t\t\t<div class=\"elementor-widget-container\">\n\t\t\t\t\t<div class=\"ct-button-wrapper ct-button-layout1\">\r\n    <a href=\"https:\/\/www.hidromes.com.tr\/index.php\/about\/\" class=\"btn btn-default  \">\r\n                            <span class=\"ct-button-icon ct-align-icon-\">\r\n                            <\/span>\r\n                <span class=\"ct-button-text\">Hakk\u0131m\u0131zda<\/span>\r\n    <\/a>\r\n<\/div>\t\t\t\t<\/div>\n\t\t\t\t<\/div>\n\t\t\t\t<\/div>\n\t\t<div class=\"elementor-element elementor-element-10fa640 e-con-full e-flex e-con e-child\" data-id=\"10fa640\" data-element_type=\"container\" data-e-type=\"container\">\n\t\t\t\t<div class=\"elementor-element elementor-element-06cfaad elementor-align-center elementor-widget elementor-widget-ct_button\" data-id=\"06cfaad\" data-element_type=\"widget\" data-e-type=\"widget\" data-widget_type=\"ct_button.default\">\n\t\t\t\t<div class=\"elementor-widget-container\">\n\t\t\t\t\t<div class=\"ct-button-wrapper ct-button-layout1\">\r\n    <a href=\"https:\/\/www.hidromes.com.tr\/index.php\/team-details\/\" class=\"btn btn-default  \">\r\n                            <span class=\"ct-button-icon ct-align-icon-\">\r\n                            <\/span>\r\n                <span class=\"ct-button-text\">\u015eirket M\u00fcd\u00fcr\u00fc<\/span>\r\n    <\/a>\r\n<\/div>\t\t\t\t<\/div>\n\t\t\t\t<\/div>\n\t\t\t\t<\/div>\n\t\t<div class=\"elementor-element elementor-element-8ab0267 e-con-full e-flex e-con e-child\" data-id=\"8ab0267\" data-element_type=\"container\" data-e-type=\"container\">\n\t\t\t\t<div class=\"elementor-element elementor-element-18c9667 elementor-align-center elementor-widget elementor-widget-ct_button\" data-id=\"18c9667\" data-element_type=\"widget\" data-e-type=\"widget\" data-widget_type=\"ct_button.default\">\n\t\t\t\t<div class=\"elementor-widget-container\">\n\t\t\t\t\t<div class=\"ct-button-wrapper ct-button-layout1\">\r\n    <a href=\"https:\/\/www.hidromes.com.tr\/index.php\/refund_returns\/\" class=\"btn btn-default  \">\r\n                            <span class=\"ct-button-icon ct-align-icon-\">\r\n                            <\/span>\r\n                <span class=\"ct-button-text\">Kullan\u0131m Ko\u015fullar\u0131 ve Gizlilik<\/span>\r\n    <\/a>\r\n<\/div>\t\t\t\t<\/div>\n\t\t\t\t<\/div>\n\t\t\t\t<\/div>\n\t\t<div class=\"elementor-element elementor-element-5f95185 e-con-full e-flex e-con e-child\" data-id=\"5f95185\" data-element_type=\"container\" data-e-type=\"container\">\n\t\t\t\t<div class=\"elementor-element elementor-element-012ff88 elementor-align-center elementor-widget elementor-widget-ct_button\" data-id=\"012ff88\" data-element_type=\"widget\" data-e-type=\"widget\" data-widget_type=\"ct_button.default\">\n\t\t\t\t<div class=\"elementor-widget-container\">\n\t\t\t\t\t<div class=\"ct-button-wrapper ct-button-layout1\">\r\n    <a href=\"#\" class=\"btn btn-default  \">\r\n                            <span class=\"ct-button-icon ct-align-icon-\">\r\n                            <\/span>\r\n                <span class=\"ct-button-text\">Sertifikalar<\/span>\r\n    <\/a>\r\n<\/div>\t\t\t\t<\/div>\n\t\t\t\t<\/div>\n\t\t\t\t<\/div>\n\t\t<div class=\"elementor-element elementor-element-13c7bf2 e-con-full e-flex e-con e-child\" data-id=\"13c7bf2\" data-element_type=\"container\" data-e-type=\"container\">\n\t\t\t\t<\/div>\n\t\t<div class=\"elementor-element elementor-element-c3e6b3a e-con-full e-flex e-con e-child\" data-id=\"c3e6b3a\" data-element_type=\"container\" data-e-type=\"container\">\n\t\t\t\t<\/div>\n\t\t\t\t\t<\/div>\n\t\t\t\t<\/div>\n\t\t<div class=\"elementor-element elementor-element-5e138d3 e-flex e-con-boxed e-con e-parent\" data-id=\"5e138d3\" data-element_type=\"container\" data-e-type=\"container\">\n\t\t\t\t\t<div class=\"e-con-inner\">\n\t\t\t\t\t<\/div>\n\t\t\t\t<\/div>\n\t\t\t\t<\/div>\n\t\t","protected":false},"excerpt":{"rendered":"<p>Kurumsal Hakk\u0131m\u0131zda \u015eirket M\u00fcd\u00fcr\u00fc Kullan\u0131m Ko\u015fullar\u0131 ve Gizlilik Sertifikalar<\/p>\n","protected":false},"author":1,"featured_media":0,"parent":0,"menu_order":0,"comment_status":"closed","ping_status":"closed","template":"","meta":{"footnotes":""},"class_list":["post-2270","page","type-page","status-publish","hentry"],"_links":{"self":[{"href":"https:\/\/www.hidromes.com.tr\/index.php\/wp-json\/wp\/v2\/pages\/2270","targetHints":{"allow":["GET"]}}],"collection":[{"href":"https:\/\/www.hidromes.com.tr\/index.php\/wp-json\/wp\/v2\/pages"}],"about":[{"href":"https:\/\/www.hidromes.com.tr\/index.php\/wp-json\/wp\/v2\/types\/page"}],"author":[{"embeddable":true,"href":"https:\/\/www.hidromes.com.tr\/index.php\/wp-json\/wp\/v2\/users\/1"}],"replies":[{"embeddable":true,"href":"https:\/\/www.hidromes.com.tr\/index.php\/wp-json\/wp\/v2\/comments?post=2270"}],"version-history":[{"count":28,"href":"https:\/\/www.hidromes.com.tr\/index.php\/wp-json\/wp\/v2\/pages\/2270\/revisions"}],"predecessor-version":[{"id":2416,"href":"https:\/\/www.hidromes.com.tr\/index.php\/wp-json\/wp\/v2\/pages\/2270\/revisions\/2416"}],"wp:attachment":[{"href":"https:\/\/www.hidromes.com.tr\/index.php\/wp-json\/wp\/v2\/media?parent=2270"}],"curies":[{"name":"wp","href":"https:\/\/api.w.org\/{rel}","templated":true}]}}