{"id":2224,"date":"2026-04-07T10:00:21","date_gmt":"2026-04-07T10:00:21","guid":{"rendered":"https:\/\/www.hidromes.com.tr\/?page_id=2224"},"modified":"2026-04-10T15:39:10","modified_gmt":"2026-04-10T15:39:10","slug":"projeler","status":"publish","type":"page","link":"https:\/\/www.hidromes.com.tr\/index.php\/projeler\/","title":{"rendered":"Projeler"},"content":{"rendered":"\t\t<div data-elementor-type=\"wp-page\" data-elementor-id=\"2224\" class=\"elementor elementor-2224\">\n\t\t\t\t        <section class=\"elementor-section elementor-top-section elementor-element elementor-element-0fed901 elementor-section-content-middle elementor-section-boxed elementor-section-height-default elementor-section-height-default\" data-id=\"0fed901\" data-element_type=\"section\" data-e-type=\"section\">\n            \n                        <div class=\"elementor-container elementor-column-gap-extended \">\n                    <div class=\"elementor-column elementor-col-50 elementor-top-column elementor-element elementor-element-ca4bff7\" data-id=\"ca4bff7\" data-element_type=\"column\" data-e-type=\"column\">\n        <div class=\"elementor-widget-wrap elementor-element-populated\">\n                    \n        \t\t<div class=\"elementor-element elementor-element-d49d09f elementor-widget elementor-widget-ct_heading\" data-id=\"d49d09f\" data-element_type=\"widget\" data-e-type=\"widget\" data-widget_type=\"ct_heading.default\">\n\t\t\t\t<div class=\"elementor-widget-container\">\n\t\t\t\t\t<div class=\"ct-heading \">\r\n\t\t\t<div class=\"item--sub-title style1 show-line\"> <\/div>\r\n\t    <h3 class=\"item--title st-default\">\r\n        Hidrolik Projeler    <\/h3>\r\n<\/div>\t\t\t\t<\/div>\n\t\t\t\t<\/div>\n\t\t            <\/div>\n        <\/div>\n                <div class=\"elementor-column elementor-col-50 elementor-top-column elementor-element elementor-element-c547cee\" data-id=\"c547cee\" data-element_type=\"column\" data-e-type=\"column\">\n        <div class=\"elementor-widget-wrap elementor-element-populated\">\n                    \n        \t\t<div class=\"elementor-element elementor-element-ecf76cd elementor-widget elementor-widget-text-editor\" data-id=\"ecf76cd\" data-element_type=\"widget\" data-e-type=\"widget\" data-widget_type=\"text-editor.default\">\n\t\t\t\t\t\t\t\t\t<p><span style=\"caret-color: #ffffff; color: #ffffff; font-size: medium;\">Farkl\u0131 sekt\u00f6rlerde ger\u00e7ekle\u015ftirdi\u011fimiz hidrolik projeler ile m\u00fc\u015fterilerimize anahtar teslim \u00e7\u00f6z\u00fcmler sunuyoruz. Her proje; m\u00fchendislik hesaplar\u0131, saha ko\u015fullar\u0131 ve i\u015fletme ihtiya\u00e7lar\u0131 do\u011frultusunda \u00f6zel olarak tasarlan\u0131r.<\/span><\/p>\t\t\t\t\t\t\t\t<\/div>\n\t\t            <\/div>\n        <\/div>\n                    <\/div>\n        <\/section>\n                <section class=\"elementor-section elementor-top-section elementor-element elementor-element-357b0ff elementor-section-content-middle elementor-section-boxed elementor-section-height-default elementor-section-height-default\" data-id=\"357b0ff\" data-element_type=\"section\" data-e-type=\"section\">\n            \n                        <div class=\"elementor-container elementor-column-gap-extended \">\n                    <div class=\"elementor-column elementor-col-50 elementor-top-column elementor-element elementor-element-3d4dd2e\" data-id=\"3d4dd2e\" data-element_type=\"column\" data-e-type=\"column\">\n        <div class=\"elementor-widget-wrap elementor-element-populated\">\n                    \n        \t\t<div class=\"elementor-element elementor-element-fd07a72 elementor-widget elementor-widget-ct_heading\" data-id=\"fd07a72\" data-element_type=\"widget\" data-e-type=\"widget\" data-widget_type=\"ct_heading.default\">\n\t\t\t\t<div class=\"elementor-widget-container\">\n\t\t\t\t\t<div class=\"ct-heading \">\r\n\t\t\t<div class=\"item--sub-title style1 show-line\"> <\/div>\r\n\t    <h3 class=\"item--title st-default\">\r\n        Otomasyon Projeleri    <\/h3>\r\n<\/div>\t\t\t\t<\/div>\n\t\t\t\t<\/div>\n\t\t            <\/div>\n        <\/div>\n                <div class=\"elementor-column elementor-col-50 elementor-top-column elementor-element elementor-element-3205887\" data-id=\"3205887\" data-element_type=\"column\" data-e-type=\"column\">\n        <div class=\"elementor-widget-wrap elementor-element-populated\">\n                    \n        \t\t<div class=\"elementor-element elementor-element-06a1bf6 elementor-widget elementor-widget-text-editor\" data-id=\"06a1bf6\" data-element_type=\"widget\" data-e-type=\"widget\" data-widget_type=\"text-editor.default\">\n\t\t\t\t\t\t\t\t\t<p data-start=\"2125\" data-end=\"2299\">PLC, HMI ve end\u00fcstriyel otomasyon sistemleri ile s\u00fcre\u00e7lerinizi dijitalle\u015ftiriyoruz. Veri izleme, uzaktan kontrol ve ak\u0131ll\u0131 \u00fcretim altyap\u0131lar\u0131 ile verimlili\u011finizi art\u0131r\u0131yoruz.<\/p>\t\t\t\t\t\t\t\t<\/div>\n\t\t            <\/div>\n        <\/div>\n                    <\/div>\n        <\/section>\n                <section class=\"elementor-section elementor-top-section elementor-element elementor-element-b928f7d elementor-section-content-middle elementor-section-boxed elementor-section-height-default elementor-section-height-default\" data-id=\"b928f7d\" data-element_type=\"section\" data-e-type=\"section\">\n            \n                        <div class=\"elementor-container elementor-column-gap-extended \">\n                    <div class=\"elementor-column elementor-col-50 elementor-top-column elementor-element elementor-element-9192f0c\" data-id=\"9192f0c\" data-element_type=\"column\" data-e-type=\"column\">\n        <div class=\"elementor-widget-wrap elementor-element-populated\">\n                    \n        \t\t<div class=\"elementor-element elementor-element-cce9005 elementor-widget elementor-widget-ct_heading\" data-id=\"cce9005\" data-element_type=\"widget\" data-e-type=\"widget\" data-widget_type=\"ct_heading.default\">\n\t\t\t\t<div class=\"elementor-widget-container\">\n\t\t\t\t\t<div class=\"ct-heading \">\r\n\t\t\t<div class=\"item--sub-title style1 show-line\"> <\/div>\r\n\t    <h3 class=\"item--title st-default\">\r\n        \u00d6zel Tasar\u0131mlar    <\/h3>\r\n<\/div>\t\t\t\t<\/div>\n\t\t\t\t<\/div>\n\t\t            <\/div>\n        <\/div>\n                <div class=\"elementor-column elementor-col-50 elementor-top-column elementor-element elementor-element-b4ebb39\" data-id=\"b4ebb39\" data-element_type=\"column\" data-e-type=\"column\">\n        <div class=\"elementor-widget-wrap elementor-element-populated\">\n                    \n        \t\t<div class=\"elementor-element elementor-element-18f53f9 elementor-widget elementor-widget-text-editor\" data-id=\"18f53f9\" data-element_type=\"widget\" data-e-type=\"widget\" data-widget_type=\"text-editor.default\">\n\t\t\t\t\t\t\t\t\t<p>Standart \u00e7\u00f6z\u00fcmlerin yetersiz kald\u0131\u011f\u0131 durumlar i\u00e7in tamamen ihtiyaca \u00f6zel sistemler geli\u015ftiriyoruz. Mekanik, hidrolik ve otomasyon disiplinlerini bir araya getirerek \u00f6zg\u00fcn m\u00fchendislik \u00e7\u00f6z\u00fcmleri sunuyoruz.<\/p>\t\t\t\t\t\t\t\t<\/div>\n\t\t            <\/div>\n        <\/div>\n                    <\/div>\n        <\/section>\n        \t\t<\/div>\n\t\t","protected":false},"excerpt":{"rendered":"<p>Hidrolik Projeler Farkl\u0131 sekt\u00f6rlerde ger\u00e7ekle\u015ftirdi\u011fimiz hidrolik projeler ile m\u00fc\u015fterilerimize anahtar teslim \u00e7\u00f6z\u00fcmler sunuyoruz. Her proje; m\u00fchendislik hesaplar\u0131, saha ko\u015fullar\u0131 ve i\u015fletme ihtiya\u00e7lar\u0131 do\u011frultusunda \u00f6zel olarak tasarlan\u0131r. Otomasyon Projeleri PLC, HMI ve end\u00fcstriyel otomasyon sistemleri ile s\u00fcre\u00e7lerinizi dijitalle\u015ftiriyoruz. Veri izleme, uzaktan kontrol ve ak\u0131ll\u0131 \u00fcretim altyap\u0131lar\u0131 ile verimlili\u011finizi art\u0131r\u0131yoruz. \u00d6zel Tasar\u0131mlar Standart \u00e7\u00f6z\u00fcmlerin yetersiz kald\u0131\u011f\u0131 durumlar [&hellip;]<\/p>\n","protected":false},"author":1,"featured_media":0,"parent":0,"menu_order":0,"comment_status":"closed","ping_status":"closed","template":"","meta":{"footnotes":""},"class_list":["post-2224","page","type-page","status-publish","hentry"],"_links":{"self":[{"href":"https:\/\/www.hidromes.com.tr\/index.php\/wp-json\/wp\/v2\/pages\/2224","targetHints":{"allow":["GET"]}}],"collection":[{"href":"https:\/\/www.hidromes.com.tr\/index.php\/wp-json\/wp\/v2\/pages"}],"about":[{"href":"https:\/\/www.hidromes.com.tr\/index.php\/wp-json\/wp\/v2\/types\/page"}],"author":[{"embeddable":true,"href":"https:\/\/www.hidromes.com.tr\/index.php\/wp-json\/wp\/v2\/users\/1"}],"replies":[{"embeddable":true,"href":"https:\/\/www.hidromes.com.tr\/index.php\/wp-json\/wp\/v2\/comments?post=2224"}],"version-history":[{"count":10,"href":"https:\/\/www.hidromes.com.tr\/index.php\/wp-json\/wp\/v2\/pages\/2224\/revisions"}],"predecessor-version":[{"id":2470,"href":"https:\/\/www.hidromes.com.tr\/index.php\/wp-json\/wp\/v2\/pages\/2224\/revisions\/2470"}],"wp:attachment":[{"href":"https:\/\/www.hidromes.com.tr\/index.php\/wp-json\/wp\/v2\/media?parent=2224"}],"curies":[{"name":"wp","href":"https:\/\/api.w.org\/{rel}","templated":true}]}}