{"id":1651,"date":"2026-04-05T22:16:06","date_gmt":"2026-04-05T22:16:06","guid":{"rendered":"https:\/\/demo.casethemes.net\/contio\/?page_id=1651"},"modified":"2026-04-07T08:54:43","modified_gmt":"2026-04-07T08:54:43","slug":"refund_returns","status":"publish","type":"page","link":"https:\/\/www.hidromes.com.tr\/index.php\/refund_returns\/","title":{"rendered":"Kullan\u0131m Ko\u015fullar\u0131 ve Gizlilik"},"content":{"rendered":"\t\t<div data-elementor-type=\"wp-page\" data-elementor-id=\"1651\" class=\"elementor elementor-1651\">\n\t\t\t\t<div class=\"elementor-element elementor-element-6bc93ae3 e-flex e-con-boxed e-con e-parent\" data-id=\"6bc93ae3\" data-element_type=\"container\" data-e-type=\"container\">\n\t\t\t\t\t<div class=\"e-con-inner\">\n\t\t\t\t<div class=\"elementor-element elementor-element-357c3f4b elementor-widget__width-initial elementor-widget elementor-widget-text-editor\" data-id=\"357c3f4b\" data-element_type=\"widget\" data-e-type=\"widget\" data-widget_type=\"text-editor.default\">\n\t\t\t\t\t\t\t\t\t\n<p><b>Hidromes M\u00fchendislik Ltd.\u015eti. Bildirimidir:<\/b><\/p>\n\n<h3>Kullan\u0131m Ko\u015fullar\u0131 ve Gizlilik<\/h3>\n\n<p>\u0130\u015fbu \u201cKullan\u0131m Ko\u015fullar\u0131 ve Gizlilik\u201d metninde, kullan\u0131c\u0131lar\u0131n Hidromes M\u00fchendislik Ltd.\u015eti. web sitesini ziyaretlerine ili\u015fkin prensipler d\u00fczenlenmektedir.<\/p>\n\n<p>Kullan\u0131c\u0131lar, Hidromes M\u00fchendislik logosunun veya web sitesine ait sayfalar\u0131n bir ba\u015fka web sitesinde herhangi bir \u015fekilde yer almas\u0131ndan, web sitesine \u00fc\u00e7\u00fcnc\u00fc ki\u015filer veya ziyaret\u00e7iler taraf\u0131ndan yap\u0131labilecek herhangi bir i\u00e7erik y\u00fcklemesinden dolay\u0131 elde edilecek bilgilerin kullan\u0131m\u0131ndan veya internetin genel uygulamalar\u0131 \u00e7er\u00e7evesinde kullan\u0131m\u0131 dolay\u0131s\u0131yla sorumluluk do\u011furmayan herhangi bir i\u00e7erikten Hidromes M\u00fchendislik Ltd.\u015eti., ona ba\u011fl\u0131 bir \u015firketlerinin, \u00e7al\u0131\u015fanlar\u0131n\u0131n, yetkilendirdikleri ki\u015fi ve kurulu\u015flar\u0131n\u0131n hukuki veya cezai hi\u00e7bir sorumlulu\u011fu olmad\u0131\u011f\u0131n\u0131 kabul ve beyan etmi\u015flerdir.<\/p>\n\n<h2>Cookie Kullan\u0131m\u0131<\/h2>\n\n<p>Kullan\u0131c\u0131lar\u0131n web sitesindeki dola\u015f\u0131mlar\u0131 s\u0131ras\u0131nda ziyaret edilen b\u00f6l\u00fcmler, t\u0131klanan alanlar gibi veriler 5651 say\u0131l\u0131 Kanunun 2\/1-j bendi uyar\u0131nca Hidromes M\u00fchendislik Ltd.\u015eti. taraf\u0131ndan otomatik olarak toplanmaktad\u0131r.&#8221;Cookie&#8221; adl\u0131 teknoloji kullan\u0131larak elde edilen bu veriler istatistiksel bilgilerdir. Bu teknoloji ile ama\u00e7lanan, Kullan\u0131c\u0131lar\u0131n ziyaret ettikleri b\u00f6l\u00fcmlere ait i\u00e7eri\u011fi, siteye ilk ziyaretlerinden itibaren Kullan\u0131c\u0131 i\u00e7in daha kolay ula\u015f\u0131l\u0131r k\u0131lmakt\u0131r. Taray\u0131c\u0131lar\u0131n pek \u00e7o\u011fu ba\u015fta teknik ileti\u015fim dosyas\u0131 olan bu \u201ccookie\u201dleri kabul eder bi\u00e7imde tasarlanm\u0131\u015ft\u0131r, ancak kullan\u0131c\u0131lar dilerse teknik ileti\u015fim dosyas\u0131n\u0131n gelmemesi veya teknik ileti\u015fim dosyas\u0131n\u0131n g\u00f6nderildi\u011finde ikaz verilmesini sa\u011flayacak bi\u00e7imde taray\u0131c\u0131 ayarlar\u0131n\u0131 her zaman i\u00e7in de\u011fi\u015ftirebilirler.<\/p>\n\n<p>Hidromes M\u00fchendislik Ltd.\u015eti., ON-LINE davran\u0131\u015fsal reklamc\u0131l\u0131k ve pazarlama yap\u0131labilmesi amac\u0131yla kullan\u0131c\u0131lar\u0131n web sitesindeki davran\u0131\u015flar\u0131n\u0131 taray\u0131c\u0131da bulunan bir \u201cCookie\u201d ile ili\u015fkilendirme ve g\u00f6r\u00fcnt\u00fclenen sayfa say\u0131s\u0131, ziyaret s\u00fcresi ve hedef tamamlama say\u0131s\u0131 gibi metrikleri temel alan yeniden pazarlama listeleri tan\u0131mlama hakk\u0131n\u0131 haizdir. Sonras\u0131nda kullan\u0131c\u0131lar\u0131na web sitesinde ya da g\u00f6r\u00fcnt\u00fcl\u00fc reklam a\u011f\u0131ndaki di\u011fer sitelerde ilgi alanlar\u0131na g\u00f6re hedefe y\u00f6nelik reklam i\u00e7eri\u011fi g\u00f6sterilebilir.<\/p>\n\n<h2>5651 ve 5846 Say\u0131l\u0131 Yasalar Uyar\u0131nca Dikkat Edilecek Hususlar<\/h2>\n\n<p>Kullan\u0131c\u0131lar, web sitesi \u00fczerinde bir ba\u015fka web sitesine veya i\u00e7eri\u011fe eri\u015fim imkan\u0131 tan\u0131yan linkler bulunabilece\u011fini, bunlar\u0131n kontrol\u00fcn\u00fcn veya do\u011frulu\u011funun veya yeterlili\u011finin Hidromes M\u00fchendislik Ltd.\u015eti. ile ilgisi olmad\u0131\u011f\u0131n\u0131 ve\u00a0 bu siteleri herhangi bir \u015fekilde desteklemedi\u011fini veya i\u00e7erdi\u011fi bilgilerin do\u011frulu\u011funu garanti etmedi\u011fini ve bu sitelerde yer alan i\u00e7eriklerden dolay\u0131 herhangi bir sorumlulu\u011fu bulunmad\u0131\u011f\u0131n\u0131, bu sitelerin kullan\u0131m\u0131 sebebiyle do\u011fabilecek herhangi bir zarardan Hidromes M\u00fchendislik Ltd.\u015eti.nun sorumlu olmad\u0131\u011f\u0131n\u0131 kabul etmi\u015flerdir.<\/p>\n\n<h2>6698 Say\u0131l\u0131 Yasa Uyar\u0131nca Toplanabilecek Ki\u015fisel Veriler<\/h2>\n\n<p>Kullan\u0131c\u0131lar; \u00fcye bilgilerine ula\u015fmak, i\u015f ba\u015fvurusu yapmak, dilek ve \u00f6nerilerde bulunmak, kendilerini daha iyi tan\u0131tmak ve kullan\u0131c\u0131 bilgilerini daha yak\u0131ndan takip edebilmek amac\u0131yla web sitesine \u00fcye olurlarken ad\u0131, soyad\u0131, e-posta adresi, ileti\u015fim bilgileri, kendilerine ait \u00fcye sayfas\u0131nda payla\u015facaklar\u0131 ki\u015fisel verileri ve i\u015f ba\u015fvurular\u0131 i\u00e7in payla\u015facaklar\u0131 ki\u015fisel verileri 6698 say\u0131l\u0131 Ki\u015fisel Verilerin Korunmas\u0131 Kanununun 5\/1 ve 6\/2 maddeleri uyar\u0131nca tamamen kendi istek ve a\u00e7\u0131k r\u0131zalar\u0131 ile payla\u015ft\u0131klar\u0131n\u0131, bu verilerin kendilerini tan\u0131tmak, kendilerine daha iyi hizmet sunulabilmesi, yapt\u0131klar\u0131 ba\u015fvuru veya \u015fikayetler ve site etkinlikleri ve yeniliklerinden haberdar edilmek amac\u0131yla kendilerinden talep edildi\u011fini kabul ederler.<\/p>\n\n<p>Hidromes M\u00fchendislik Ltd.\u015eti., web sitesi \u00fczerinde, kullan\u0131c\u0131lar\u0131n arzusuna ba\u011fl\u0131 olarak kullan\u0131c\u0131lar\u0131n kimlik bilgileri, e-posta adresleri, telefon numaralar\u0131 gibi ileti\u015fim bilgilerini, web sitesine konu hizmetlerin ifa edilmesi i\u00e7in gerekli olabilecek ve Ki\u015fisel Verilerin Korunmas\u0131 Kanunu ve ilgili t\u00fcm mevzuat uyar\u0131nca ki\u015fisel veri say\u0131lan sair bilgileri toplayabilecektir. Kullan\u0131c\u0131lar, kendi arzular\u0131 do\u011frultusunda \u015firketlerimiz ile payla\u015fabilecekleri verilerin i\u015fbu Kullan\u0131m Ko\u015fullar\u0131 ve Gizlilik metninde belirtilen kapsamda, belirtilen ama\u00e7larla i\u015flenmesine a\u00e7\u0131k\u00e7a muvafakat etmektedir.<\/p>\n\n<p>Ki\u015fisel Verilerin Korunmas\u0131 Kanunu\u2019nun 3 ve 7. maddesi uyar\u0131nca, geri d\u00f6nd\u00fcr\u00fclemeyecek \u015fekilde anonim hale getirilen veriler, an\u0131lan kanun h\u00fck\u00fcmleri uyar\u0131nca Ki\u015fisel Veri olarak kabul edilmeyecek ve bu verilere ili\u015fkin i\u015fleme faaliyetleri i\u015fbu Kullan\u0131m Ko\u015fullar\u0131 ve Gizlilik h\u00fck\u00fcmleri ile ba\u011fl\u0131 olmaks\u0131z\u0131n ger\u00e7ekle\u015ftirecektir.<\/p>\n\n<h2>Ki\u015fisel Verilerin Kullan\u0131lma Amac\u0131<\/h2>\n\n<p>Hidromes M\u00fchendislik Ltd.\u015eti., toplanan ki\u015fisel verileri kullan\u0131c\u0131lar\u0131n web sitesinden faydalanabilmesi, web sitesine \u00fcyelik s\u00f6z konusu ise \u00fcyelik kayd\u0131n\u0131n ger\u00e7ekle\u015ftirilmesi, sundu\u011fu hizmetlerin iyile\u015ftirilmesi, hizmetin geli\u015ftirilmesi, yeni hizmetlerin tan\u0131t\u0131m\u0131 ve bilgilendirilmesi, bu kapsamda kullan\u0131c\u0131lara gerekli bilgilendirilmelerin yap\u0131lmas\u0131, kullan\u0131c\u0131lar ile temas kurulmas\u0131 ve sundu\u011fu hizmetlerin do\u011fas\u0131ndan kaynaklanan y\u00fck\u00fcml\u00fcl\u00fcklerin yerine getirilmesi i\u00e7in i\u015fleyebilir.<\/p>\n\n<p>S\u00f6z konusu ki\u015fisel veriler Hidromes M\u00fchendislik Ltd.\u015eti. raporlama ve i\u015f geli\u015ftirme faaliyetleri kapsam\u0131nda i\u015flenebilecek, kullan\u0131c\u0131lar\u0131n kimli\u011fi if\u015fa edilmeden \u00e7e\u015fitli istatistiksel de\u011ferlendirmeler yapma, veri taban\u0131 olu\u015fturma ve pazar ara\u015ft\u0131rmalar\u0131nda bulunma amac\u0131yla da kullan\u0131labilecektir.<\/p>\n\n<p>Kullan\u0131c\u0131lar\u0131n ayr\u0131ca onay vermesi halinde s\u00f6z konusu bilgiler Hidromes M\u00fchendislik Ltd.\u015eti. ve i\u015fbirli\u011finde oldu\u011fu ki\u015filer taraf\u0131ndan do\u011frudan pazarlama yapmak amac\u0131yla i\u015flenebilecek, saklanabilecek, \u00fc\u00e7\u00fcnc\u00fc ki\u015filere iletilebilecek ve s\u00f6z konusu bilgiler \u00fczerinden \u00e7e\u015fitli uygulama, \u00fcr\u00fcn ve hizmetlerin tan\u0131t\u0131m\u0131, bak\u0131m ve destek faaliyetlerine ili\u015fkin bildirimlerde bulunma amac\u0131yla kullan\u0131c\u0131lar ile ileti\u015fime ge\u00e7ilebilecek,\u00a0ayr\u0131ca,\u00a0\u00c7al\u0131\u015fanlar\u0131m\u0131z\u0131n ileti\u015fim bilgileri acil ve \u00f6nemli durumlar i\u00e7in di\u011fer \u00e7al\u0131\u015fanlarla da payla\u015f\u0131labilecektir.<\/p>\n\n<p>Hidromes M\u00fchendislik Ltd.\u015eti. ayr\u0131ca, Ki\u015fisel Verilerin Korunmas\u0131 Kanunu\u2019nun 5 ve 8. maddeleri uyar\u0131nca ve\/veya ilgili mevzuattaki istisnalar\u0131n varl\u0131\u011f\u0131 halinde ki\u015fisel verileri Kullan\u0131c\u0131lar\u0131n ayr\u0131ca r\u0131zas\u0131n\u0131 almaks\u0131z\u0131n i\u015fleyebilecek ve \u00fc\u00e7\u00fcnc\u00fc ki\u015filerle payla\u015fabilecektir.<\/p>\n<h2>Ki\u015fisel Verilerin Payla\u015f\u0131m\u0131<\/h2>\n\n<p>Hidromes M\u00fchendislik Ltd.\u015eti., \u00c7al\u0131\u015fanlar\u0131n \u015fahsi ileti\u015fim bilgilerini acil ve \u00f6nemli durumlar i\u00e7in di\u011fer \u00e7al\u0131\u015fanlarla payla\u015fabilecek kullan\u0131c\u0131lara ait ki\u015fisel verileri ve bu ki\u015fisel verileri kullanarak elde etti\u011fi yeni verileri web sitesi kapsam\u0131nda kullan\u0131c\u0131lara sunulan hizmetlerin ifas\u0131 amac\u0131yla hizmetlerinden faydaland\u0131\u011f\u0131 \u00fc\u00e7\u00fcnc\u00fc ki\u015filere, s\u00f6z konusu hizmetlerin temini amac\u0131yla s\u0131n\u0131rl\u0131 olmak \u00fczere aktarabilecektir. Bu kapsamda Hidromes M\u00fchendislik Ltd.\u015eti., kullan\u0131c\u0131 deneyiminin geli\u015ftirilmesi (iyile\u015ftirme ve ki\u015fiselle\u015ftirme dahil), kullan\u0131c\u0131lar\u0131n g\u00fcvenli\u011fini sa\u011flamak, hileli ya da izinsiz kullan\u0131mlar\u0131 tespit etmek, operasyonel de\u011ferlendirme ara\u015ft\u0131r\u0131lmas\u0131, web sitesi veya Hidromes M\u00fchendislik Ltd.\u015eti. hizmetlerine ili\u015fkin hatalar\u0131n giderilmesi ve i\u015fbu Kullan\u0131m Ko\u015fullar\u0131 ve Gizlilik metninde veya kullan\u0131c\u0131lara sunulan sair gizlilik metinlerinde yer alan ama\u00e7lardan herhangi birisini ger\u00e7ekle\u015ftirebilmek i\u00e7in kullan\u0131c\u0131 verilerini d\u0131\u015f kaynak hizmet sa\u011flay\u0131c\u0131lar\u0131, bar\u0131nd\u0131rma hizmet sa\u011flay\u0131c\u0131lar\u0131 (Hosting servisleri), hukuk b\u00fcrolar\u0131, ara\u015ft\u0131rma \u015firketleri, Hissedarlar, \u0130\u015f Ortaklar\u0131, \u0130\u015ftirakler ve ba\u011fl\u0131 ortakl\u0131klar, Tedarik\u00e7iler, Topluluk \u015eirketleri, Yetkili Kamu Kurum ve Kurulu\u015flar\u0131 gibi \u00fc\u00e7\u00fcnc\u00fc ki\u015filer ile payla\u015fabilecektir.<\/p>\n\n<h2>Kullan\u0131c\u0131lar\u0131n Verilere Eri\u015fim Hakk\u0131 ve D\u00fczeltme Talepleri<\/h2>\n\n<p>Kullan\u0131c\u0131lar Hidromes M\u00fchendislik Ltd.\u015eti.na ba\u015fvurarak kendileriyle ilgili; ki\u015fisel veri i\u015flenip i\u015flenmedi\u011fini \u00f6\u011frenme, ki\u015fisel verileri i\u015flenmi\u015fse buna ili\u015fkin bilgi talep etme, ki\u015fisel verilerin i\u015flenme amac\u0131n\u0131 ve bunlar\u0131n amac\u0131na uygun kullan\u0131l\u0131p kullan\u0131lmad\u0131\u011f\u0131n\u0131 \u00f6\u011frenme, yurt i\u00e7inde veya yurt d\u0131\u015f\u0131nda ki\u015fisel verilerin aktar\u0131ld\u0131\u011f\u0131 \u00fc\u00e7\u00fcnc\u00fc ki\u015fileri bilme, ki\u015fisel verilerin eksik veya yanl\u0131\u015f i\u015flenmi\u015f olmas\u0131 halinde bunlar\u0131n d\u00fczeltilmesini isteme, ilgili mevzuatta \u00f6ng\u00f6r\u00fclen \u015fartlar \u00e7er\u00e7evesinde ki\u015fisel verilerin silinmesini veya yok edilmesini isteme, ilgili mevzuat uyar\u0131nca yap\u0131lan d\u00fczeltme, silme ve yok edilme i\u015flemlerinin, ki\u015fisel verilerin aktar\u0131ld\u0131\u011f\u0131 \u00fc\u00e7\u00fcnc\u00fc ki\u015filere bildirilmesini isteme, i\u015flenen verilerin m\u00fcnhas\u0131ran otomatik sistemler vas\u0131tas\u0131yla analiz edilmesi suretiyle ki\u015finin kendisi aleyhine bir sonucun ortaya \u00e7\u0131kmas\u0131na itiraz etme, ki\u015fisel verilerin kanuna ayk\u0131r\u0131 olarak i\u015flenmesi sebebiyle zarara u\u011framas\u0131 halinde zarar\u0131n giderilmesini talep etme haklar\u0131na sahiptir.<\/p>\n\n<p>Kullan\u0131c\u0131lar, yukar\u0131da belirtilen taleplerini\u00a0<a href=\"mailto:info@hidromes.com.tr\">info@hidromes.com.tr<\/a>\u00a0adresine yaz\u0131l\u0131 olarak iletebilecektir. Hidromes M\u00fchendislik Ltd.\u015eti., yukar\u0131da yer alan talepler uyar\u0131nca, gerek\u00e7eli olumlu\/olumsuz yan\u0131t\u0131n\u0131, yaz\u0131l\u0131 veya dijital ortamdan ger\u00e7ekle\u015ftirebilir. Taleplere ili\u015fkin gerekli i\u015flemler i\u00e7in \u00fccret al\u0131nmamas\u0131 esast\u0131r. Bununla birlikte, i\u015flemlerin bir maliyet gerektirmesi halinde, Ki\u015fisel Verilerin Korunmas\u0131 Kanunu\u2019nun 13. maddesine g\u00f6re belirlenen tarife \u00fczerinden \u00fccret talep edilmesi m\u00fcmk\u00fcnd\u00fcr.<\/p>\n\n<p>Kullan\u0131c\u0131lar, Hidromes M\u00fchendislik Ltd.\u015eti.na kendileri taraf\u0131ndan sa\u011flanm\u0131\u015f olan, i\u015fbu Kullan\u0131m Ko\u015fullar\u0131 ve Gizlilik metnine konu bilgilerinin tam, do\u011fru ve g\u00fcncel oldu\u011funu, bu bilgilerde herhangi bir de\u011fi\u015fiklik olmas\u0131 halinde bunlar\u0131 derhal g\u00fcncelleyece\u011fini taahh\u00fct ederler. Kullan\u0131c\u0131lar\u0131n g\u00fcncel bilgileri sa\u011flamam\u0131\u015f olmas\u0131 halinde Hidromes M\u00fchendislik Ltd.\u015eti.nun herhangi bir sorumlulu\u011fu olmayacakt\u0131r.<\/p>\n\n<p>Kullan\u0131c\u0131lar, herhangi bir ki\u015fisel verilerinin Hidromes M\u00fchendislik Ltd.\u015eti. taraf\u0131ndan kullan\u0131lamamas\u0131 ile sonu\u00e7lanacak bir talepte bulunmalar\u0131 halinde Hidromes M\u00fchendislik Ltd.\u015eti.nun kendilerine taahh\u00fct etti\u011fi hizmetlerden tam olarak faydalanamayabileceklerini, bu kapsamda do\u011facak her t\u00fcrl\u00fc sorumlulu\u011fun kendilerine ait olaca\u011f\u0131n\u0131 kabul ve beyan ederler.<\/p>\n\n<h2>Ki\u015fisel Verilerin Saklama S\u00fcresi<\/h2>\n\n<p>Hidromes M\u00fchendislik Ltd.\u015eti., Kullan\u0131c\u0131lar taraf\u0131ndan sa\u011flanan ki\u015fisel verileri, sundu\u011fu hizmetlerin mahiyetinden kaynaklanan y\u00fck\u00fcml\u00fcl\u00fcklerin yerine getirilmesi amac\u0131yla, g\u00f6rsel ve i\u015fitsel kay\u0131tlar 3 Ay, di\u011fer hizmetler ise 3 Y\u0131l boyunca saklanacakt\u0131r. Buna ek olarak Hidromes M\u00fchendislik Ltd.\u015eti., Kullan\u0131c\u0131lar ile aras\u0131nda do\u011fabilecek herhangi bir uyu\u015fmazl\u0131k durumunda, uyu\u015fmazl\u0131k kapsam\u0131nda gerekli savunmalar\u0131n ger\u00e7ekle\u015ftirilebilmesi amac\u0131yla s\u0131n\u0131rl\u0131 olmak \u00fczere ve ilgili mevzuat uyar\u0131nca belirlenen zamana\u015f\u0131m\u0131 s\u00fcreleri boyunca ki\u015fisel verileri saklayabilecektir.<\/p>\n\n<h2>Ki\u015fisel Verilerin G\u00fcvenli\u011fine \u0130li\u015fkin \u00d6nlemler, Taahh\u00fctler ve Sorumluluk<\/h2>\n\n<p>Hidromes M\u00fchendislik Ltd.\u015eti., ilgili mevzuatta belirlenen veya i\u015fbu Kullan\u0131m Ko\u015fullar\u0131 ve Gizlilik metninde ifade edilen \u015fartlarda;\u00a0 ki\u015fisel verilerin hukuka ayk\u0131r\u0131 olarak i\u015flenmemesini,\u00a0 ki\u015fisel verilere hukuka ayk\u0131r\u0131 olarak eri\u015filmemesini ve ki\u015fisel verilerin muhafazas\u0131n\u0131 sa\u011flamak amac\u0131yla uygun g\u00fcvenlik d\u00fczeyini temin etmeye y\u00f6nelik gerekli teknik ve idari tedbirleri almay\u0131, gerekli denetimleri yapt\u0131rmay\u0131 taahh\u00fct eder. Hidromes M\u00fchendislik Ltd.\u015eti. ki\u015fisel verilerin yukar\u0131daki \u015fartlar \u00e7er\u00e7evesinde kullan\u0131lmas\u0131 sonucu meydana gelebilecek zararlardan dolay\u0131 sorumluluk kabul etmez.<\/p>\n\n<h2>De\u011fi\u015fiklikler ve Son H\u00fck\u00fcmler<\/h2>\n\n<p>Hidromes M\u00fchendislik Ltd.\u015eti., Kullan\u0131m Ko\u015fullar\u0131 ve Gizlilik Politikas\u0131 h\u00fck\u00fcmlerini \u00f6nceden haber vermeksizin de\u011fi\u015ftirme hakk\u0131n\u0131 sakl\u0131 tutar. G\u00fcncel h\u00fck\u00fcmler, kullan\u0131c\u0131lara herhangi bir y\u00f6ntemle sunuldu\u011fu andan itibaren y\u00fcr\u00fcrl\u00fck kazan\u0131r.<\/p>\n\n<p>Kullan\u0131c\u0131lar, web sitesine girmeden \u00f6nce yukar\u0131da yer alan Web Sitesi Kullan\u0131m Ko\u015fullar\u0131 ve Gizlilik Politikas\u0131n\u0131 okuduklar\u0131n\u0131, yukar\u0131da belirtilen t\u00fcm hususlara uyacaklar\u0131n\u0131, burada yer alan hususlarla ilgili olarak herhangi bir uyu\u015fmazl\u0131k veya ihtilaf iddia veya talep oldu\u011fu takdirde, Ankara Mahkeme ve \u0130cra Dairelerinin yetkili olaca\u011f\u0131n\u0131, web sitesinde yer alan i\u00e7eriklerin ve Hidromes M\u00fchendislik Ltd.\u015eti.na ait t\u00fcm elektronik ortam ve bilgisayar kay\u0131tlar\u0131n\u0131n HMK\u2019nun 193.maddesi uyar\u0131nca kesin delil say\u0131laca\u011f\u0131n\u0131 gayr\u0131 kabili r\u00fccu olarak kabul, beyan ve taahh\u00fct etmi\u015flerdir.\u00a0<\/p>\n\t\t\t\t\t\t\t\t<\/div>\n\t\t\t\t\t<\/div>\n\t\t\t\t<\/div>\n\t\t\t\t<\/div>\n\t\t","protected":false},"excerpt":{"rendered":"<p>Hidromes M\u00fchendislik Ltd.\u015eti. Bildirimidir: Kullan\u0131m Ko\u015fullar\u0131 ve Gizlilik \u0130\u015fbu \u201cKullan\u0131m Ko\u015fullar\u0131 ve Gizlilik\u201d metninde, kullan\u0131c\u0131lar\u0131n Hidromes M\u00fchendislik Ltd.\u015eti. web sitesini ziyaretlerine ili\u015fkin prensipler d\u00fczenlenmektedir. Kullan\u0131c\u0131lar, Hidromes M\u00fchendislik logosunun veya web sitesine ait sayfalar\u0131n bir ba\u015fka web sitesinde herhangi bir \u015fekilde yer almas\u0131ndan, web sitesine \u00fc\u00e7\u00fcnc\u00fc ki\u015filer veya ziyaret\u00e7iler taraf\u0131ndan yap\u0131labilecek herhangi bir i\u00e7erik y\u00fcklemesinden dolay\u0131 [&hellip;]<\/p>\n","protected":false},"author":1,"featured_media":0,"parent":0,"menu_order":0,"comment_status":"closed","ping_status":"closed","template":"","meta":{"footnotes":""},"class_list":["post-1651","page","type-page","status-publish","hentry"],"_links":{"self":[{"href":"https:\/\/www.hidromes.com.tr\/index.php\/wp-json\/wp\/v2\/pages\/1651","targetHints":{"allow":["GET"]}}],"collection":[{"href":"https:\/\/www.hidromes.com.tr\/index.php\/wp-json\/wp\/v2\/pages"}],"about":[{"href":"https:\/\/www.hidromes.com.tr\/index.php\/wp-json\/wp\/v2\/types\/page"}],"author":[{"embeddable":true,"href":"https:\/\/www.hidromes.com.tr\/index.php\/wp-json\/wp\/v2\/users\/1"}],"replies":[{"embeddable":true,"href":"https:\/\/www.hidromes.com.tr\/index.php\/wp-json\/wp\/v2\/comments?post=1651"}],"version-history":[{"count":4,"href":"https:\/\/www.hidromes.com.tr\/index.php\/wp-json\/wp\/v2\/pages\/1651\/revisions"}],"predecessor-version":[{"id":2197,"href":"https:\/\/www.hidromes.com.tr\/index.php\/wp-json\/wp\/v2\/pages\/1651\/revisions\/2197"}],"wp:attachment":[{"href":"https:\/\/www.hidromes.com.tr\/index.php\/wp-json\/wp\/v2\/media?parent=1651"}],"curies":[{"name":"wp","href":"https:\/\/api.w.org\/{rel}","templated":true}]}}