{"id":123,"date":"2019-11-02T02:32:13","date_gmt":"2019-11-02T02:32:13","guid":{"rendered":"https:\/\/demo.casethemes.net\/contio\/?page_id=123"},"modified":"2026-04-13T09:41:39","modified_gmt":"2026-04-13T09:41:39","slug":"urunler","status":"publish","type":"page","link":"https:\/\/www.hidromes.com.tr\/index.php\/urunler\/","title":{"rendered":"\u00dcr\u00fcnler"},"content":{"rendered":"\t\t<div data-elementor-type=\"wp-page\" data-elementor-id=\"123\" class=\"elementor elementor-123\">\n\t\t\t\t        <section class=\"elementor-section elementor-top-section elementor-element elementor-element-75b96e5 elementor-section-content-middle elementor-section-boxed elementor-section-height-default elementor-section-height-default\" data-id=\"75b96e5\" data-element_type=\"section\" data-e-type=\"section\">\n            \n                        <div class=\"elementor-container elementor-column-gap-extended \">\n                    <div class=\"elementor-column elementor-col-50 elementor-top-column elementor-element elementor-element-3e020ba\" data-id=\"3e020ba\" data-element_type=\"column\" data-e-type=\"column\">\n        <div class=\"elementor-widget-wrap elementor-element-populated\">\n                    \n        \t\t<div class=\"elementor-element elementor-element-97771c0 elementor-widget elementor-widget-ct_heading\" data-id=\"97771c0\" data-element_type=\"widget\" data-e-type=\"widget\" data-widget_type=\"ct_heading.default\">\n\t\t\t\t<div class=\"elementor-widget-container\">\n\t\t\t\t\t<div class=\"ct-heading \">\r\n\t\t\t<div class=\"item--sub-title style1 show-line\">End\u00fcstriyel \u0130htiya\u00e7lar\u0131n\u0131za Y\u00f6nelik<\/div>\r\n\t    <h3 class=\"item--title st-default\">\r\n        \u00dcr\u00fcnlerimiz    <\/h3>\r\n<\/div>\t\t\t\t<\/div>\n\t\t\t\t<\/div>\n\t\t            <\/div>\n        <\/div>\n                <div class=\"elementor-column elementor-col-50 elementor-top-column elementor-element elementor-element-2f5eddb\" data-id=\"2f5eddb\" data-element_type=\"column\" data-e-type=\"column\">\n        <div class=\"elementor-widget-wrap elementor-element-populated\">\n                    \n        \t\t<div class=\"elementor-element elementor-element-721669a elementor-widget elementor-widget-text-editor\" data-id=\"721669a\" data-element_type=\"widget\" data-e-type=\"widget\" data-widget_type=\"text-editor.default\">\n\t\t\t\t\t\t\t\t\t<p>Y\u00fcksek verim ve uzun \u00f6m\u00fcrl\u00fcl\u00fck odakl\u0131 \u00fcr\u00fcnlerimiz ile end\u00fcstrilerin gereksinimlerini kar\u015f\u0131l\u0131yoruz.\u00a0<\/p>\t\t\t\t\t\t\t\t<\/div>\n\t\t            <\/div>\n        <\/div>\n                    <\/div>\n        <\/section>\n        <div class=\"elementor-element elementor-element-f6c9105 e-flex e-con-boxed e-con e-parent\" data-id=\"f6c9105\" data-element_type=\"container\" data-e-type=\"container\">\n\t\t\t\t\t<div class=\"e-con-inner\">\n\t\t\t\t<div class=\"elementor-element elementor-element-9ac7529 elementor-widget elementor-widget-ct_tabs\" data-id=\"9ac7529\" data-element_type=\"widget\" data-e-type=\"widget\" data-widget_type=\"ct_tabs.default\">\n\t\t\t\t<div class=\"elementor-widget-container\">\n\t\t\t\t\t<div class=\"ct-tabs ct-tabs--layout1 style1\">\n    <div class=\"ct-tabs-title\">\n            <\/div>\n\n    <div class=\"ct-tabs-content\">\n            <\/div>\n<\/div>\t\t\t\t<\/div>\n\t\t\t\t<\/div>\n\t\t\t\t\t<\/div>\n\t\t\t\t<\/div>\n\t\t        <section class=\"elementor-section elementor-top-section elementor-element elementor-element-8c9ae57 elementor-section-boxed elementor-section-height-default elementor-section-height-default\" data-id=\"8c9ae57\" data-element_type=\"section\" data-e-type=\"section\">\n            \n                        <div class=\"elementor-container elementor-column-gap-extended \">\n                    <div class=\"elementor-column elementor-col-100 elementor-top-column elementor-element elementor-element-4103b6b\" data-id=\"4103b6b\" data-element_type=\"column\" data-e-type=\"column\">\n        <div class=\"elementor-widget-wrap elementor-element-populated\">\n                    \n        \t\t<div class=\"elementor-element elementor-element-73e1913 elementor-widget elementor-widget-ct_service_grid\" data-id=\"73e1913\" data-element_type=\"widget\" data-e-type=\"widget\" data-widget_type=\"ct_service_grid.default\">\n\t\t\t\t<div class=\"elementor-widget-container\">\n\t\t\t\t\t\r\n<div id=\"ct_service_grid-73e1913\" class=\"ct-grid ct-service-grid1\" data-layout=\"masonry\" data-start-page=\"1\" data-max-pages=\"1\" data-total=\"4\" data-perpage=\"8\" data-next-link=\"\">\r\n    <div class=\"ct-grid-overlay\"><\/div>\r\n    \r\n    <div class=\"ct-grid-inner ct-grid-masonry row animate-time\" data-gutter=\"15\">\r\n                            <div class=\"grid-item col-xl-3 col-lg-3 col-md-4 col-sm-6 col-12 urunler\">\r\n                        <div class=\"grid-item-inner wow fadeInUp\">\r\n\r\n                                                            <div class=\"item--featured\">\r\n                                    <img fetchpriority=\"high\" decoding=\"async\" class=\"\" src=\"https:\/\/www.hidromes.com.tr\/wp-content\/uploads\/2019\/11\/HidSistem02-268x345.png\" width=\"268\" height=\"345\" alt=\"HidSistem02\" title=\"HidSistem02\" \/>                                <\/div>\r\n                                                        \r\n                            <div class=\"item--meta\">\r\n                                                                    <h3 class=\"item--title\">Hidrolik Sistem<\/h3>\r\n                                                            <\/div>\r\n                            <div class=\"item--holder\">\r\n                                <div class=\"item--holder-overlay\"><\/div>\r\n                                <div class=\"item--holder-inner\">\r\n                                                                                                                <h3 class=\"item--title\"><a href=\"https:\/\/www.hidromes.com.tr\/index.php\/service\/hidrolik-sistem\/\">Hidrolik Sistem<\/a><\/h3>\r\n                                                                                                                <div class=\"item--content\">\r\n                                            Farkl\u0131 sekt\u00f6rlere y\u00f6nelik \u00f6zel tasar\u0131m hidrolik sistemler                                        <\/div>\r\n                                                                                                                <div class=\"item--readmore\">\r\n                                            <a class=\"text-gradient\" href=\"https:\/\/www.hidromes.com.tr\/index.php\/service\/hidrolik-sistem\/\">\u0130nceleyin<i class=\"fac fac-angle-right\"><\/i><\/a>\r\n                                        <\/div>\r\n                                                                    <\/div>\r\n                            <\/div>\r\n                        <\/div>\r\n                    <\/div>\r\n                                <div class=\"grid-item col-xl-3 col-lg-3 col-md-4 col-sm-6 col-12 urunler\">\r\n                        <div class=\"grid-item-inner wow fadeInUp\">\r\n\r\n                                                            <div class=\"item--featured\">\r\n                                    <img decoding=\"async\" class=\"\" src=\"https:\/\/www.hidromes.com.tr\/wp-content\/uploads\/2019\/11\/Makine02-268x345.png\" width=\"268\" height=\"345\" alt=\"Makine02\" title=\"Makine02\" \/>                                <\/div>\r\n                                                        \r\n                            <div class=\"item--meta\">\r\n                                                                    <h3 class=\"item--title\">Makine<\/h3>\r\n                                                            <\/div>\r\n                            <div class=\"item--holder\">\r\n                                <div class=\"item--holder-overlay\"><\/div>\r\n                                <div class=\"item--holder-inner\">\r\n                                                                                                                <h3 class=\"item--title\"><a href=\"https:\/\/www.hidromes.com.tr\/index.php\/service\/makine\/\">Makine<\/a><\/h3>\r\n                                                                                                                <div class=\"item--content\">\r\n                                            Standart \u00e7\u00f6z\u00fcmlerin yeterli olmad\u0131\u011f\u0131 durumlar i\u00e7in makineler                                        <\/div>\r\n                                                                                                                <div class=\"item--readmore\">\r\n                                            <a class=\"text-gradient\" href=\"https:\/\/www.hidromes.com.tr\/index.php\/service\/makine\/\">\u0130nceleyin<i class=\"fac fac-angle-right\"><\/i><\/a>\r\n                                        <\/div>\r\n                                                                    <\/div>\r\n                            <\/div>\r\n                        <\/div>\r\n                    <\/div>\r\n                                <div class=\"grid-item col-xl-3 col-lg-3 col-md-4 col-sm-6 col-12 urunler\">\r\n                        <div class=\"grid-item-inner wow fadeInUp\">\r\n\r\n                                                            <div class=\"item--featured\">\r\n                                    <img decoding=\"async\" class=\"\" src=\"https:\/\/www.hidromes.com.tr\/wp-content\/uploads\/2019\/11\/TestSistem02-268x345.png\" width=\"268\" height=\"345\" alt=\"TestSistem02\" title=\"TestSistem02\" \/>                                <\/div>\r\n                                                        \r\n                            <div class=\"item--meta\">\r\n                                                                    <h3 class=\"item--title\">Test Ekipman\u0131<\/h3>\r\n                                                            <\/div>\r\n                            <div class=\"item--holder\">\r\n                                <div class=\"item--holder-overlay\"><\/div>\r\n                                <div class=\"item--holder-inner\">\r\n                                                                                                                <h3 class=\"item--title\"><a href=\"https:\/\/www.hidromes.com.tr\/index.php\/service\/test-ekipmani\/\">Test Ekipman\u0131<\/a><\/h3>\r\n                                                                                                                <div class=\"item--content\">\r\n                                            Sistem, \u00dcr\u00fcn ve Proses Test Ekipmanlar\u0131                                        <\/div>\r\n                                                                                                                <div class=\"item--readmore\">\r\n                                            <a class=\"text-gradient\" href=\"https:\/\/www.hidromes.com.tr\/index.php\/service\/test-ekipmani\/\">\u0130nceleyin<i class=\"fac fac-angle-right\"><\/i><\/a>\r\n                                        <\/div>\r\n                                                                    <\/div>\r\n                            <\/div>\r\n                        <\/div>\r\n                    <\/div>\r\n                                <div class=\"grid-item col-xl-3 col-lg-3 col-md-4 col-sm-6 col-12 urunler\">\r\n                        <div class=\"grid-item-inner wow fadeInUp\">\r\n\r\n                                                            <div class=\"item--featured\">\r\n                                    <img loading=\"lazy\" decoding=\"async\" class=\"\" src=\"https:\/\/www.hidromes.com.tr\/wp-content\/uploads\/2019\/11\/YBHS02-268x345.png\" width=\"268\" height=\"345\" alt=\"YBHS02\" title=\"YBHS02\" \/>                                <\/div>\r\n                                                        \r\n                            <div class=\"item--meta\">\r\n                                                                    <h3 class=\"item--title\">Y\u00fcksek Bas\u0131n\u00e7 Hidrolik \u00dcr\u00fcnler<\/h3>\r\n                                                            <\/div>\r\n                            <div class=\"item--holder\">\r\n                                <div class=\"item--holder-overlay\"><\/div>\r\n                                <div class=\"item--holder-inner\">\r\n                                                                                                                <h3 class=\"item--title\"><a href=\"https:\/\/www.hidromes.com.tr\/index.php\/service\/yuksek-basinc-hidrolik-urunler\/\">Y\u00fcksek Bas\u0131n\u00e7 Hidrolik \u00dcr\u00fcnler<\/a><\/h3>\r\n                                                                                                                <div class=\"item--content\">\r\n                                            700 Bar ve \u00fczeri \u00e7al\u0131\u015fma ko\u015fullar\u0131na uygun komponent ve sistemler                                        <\/div>\r\n                                                                                                                <div class=\"item--readmore\">\r\n                                            <a class=\"text-gradient\" href=\"https:\/\/www.hidromes.com.tr\/index.php\/service\/yuksek-basinc-hidrolik-urunler\/\">\u0130nceleyin<i class=\"fac fac-angle-right\"><\/i><\/a>\r\n                                        <\/div>\r\n                                                                    <\/div>\r\n                            <\/div>\r\n                        <\/div>\r\n                    <\/div>\r\n                                <div class=\"grid-sizer col-xl-3 col-lg-3 col-md-4 col-sm-6 col-12\"><\/div>\r\n            <\/div>\r\n        <\/div>\t\t\t\t<\/div>\n\t\t\t\t<\/div>\n\t\t            <\/div>\n        <\/div>\n                    <\/div>\n        <\/section>\n        \t\t<\/div>\n\t\t","protected":false},"excerpt":{"rendered":"<p>End\u00fcstriyel \u0130htiya\u00e7lar\u0131n\u0131za Y\u00f6nelik \u00dcr\u00fcnlerimiz Y\u00fcksek verim ve uzun \u00f6m\u00fcrl\u00fcl\u00fck odakl\u0131 \u00fcr\u00fcnlerimiz ile end\u00fcstrilerin gereksinimlerini kar\u015f\u0131l\u0131yoruz.\u00a0 Hidrolik Sistem Hidrolik Sistem Farkl\u0131 sekt\u00f6rlere y\u00f6nelik \u00f6zel tasar\u0131m hidrolik sistemler \u0130nceleyin Makine Makine Standart \u00e7\u00f6z\u00fcmlerin yeterli olmad\u0131\u011f\u0131 durumlar i\u00e7in makineler \u0130nceleyin Test Ekipman\u0131 Test Ekipman\u0131 Sistem, \u00dcr\u00fcn ve Proses Test Ekipmanlar\u0131 \u0130nceleyin Y\u00fcksek Bas\u0131n\u00e7 Hidrolik \u00dcr\u00fcnler Y\u00fcksek Bas\u0131n\u00e7 Hidrolik [&hellip;]<\/p>\n","protected":false},"author":1,"featured_media":0,"parent":0,"menu_order":0,"comment_status":"closed","ping_status":"closed","template":"","meta":{"footnotes":""},"class_list":["post-123","page","type-page","status-publish","hentry"],"_links":{"self":[{"href":"https:\/\/www.hidromes.com.tr\/index.php\/wp-json\/wp\/v2\/pages\/123","targetHints":{"allow":["GET"]}}],"collection":[{"href":"https:\/\/www.hidromes.com.tr\/index.php\/wp-json\/wp\/v2\/pages"}],"about":[{"href":"https:\/\/www.hidromes.com.tr\/index.php\/wp-json\/wp\/v2\/types\/page"}],"author":[{"embeddable":true,"href":"https:\/\/www.hidromes.com.tr\/index.php\/wp-json\/wp\/v2\/users\/1"}],"replies":[{"embeddable":true,"href":"https:\/\/www.hidromes.com.tr\/index.php\/wp-json\/wp\/v2\/comments?post=123"}],"version-history":[{"count":28,"href":"https:\/\/www.hidromes.com.tr\/index.php\/wp-json\/wp\/v2\/pages\/123\/revisions"}],"predecessor-version":[{"id":2476,"href":"https:\/\/www.hidromes.com.tr\/index.php\/wp-json\/wp\/v2\/pages\/123\/revisions\/2476"}],"wp:attachment":[{"href":"https:\/\/www.hidromes.com.tr\/index.php\/wp-json\/wp\/v2\/media?parent=123"}],"curies":[{"name":"wp","href":"https:\/\/api.w.org\/{rel}","templated":true}]}}